{"id":11,"date":"2024-04-17T16:04:09","date_gmt":"2024-04-17T14:04:09","guid":{"rendered":"https:\/\/rb-technologies.com\/?page_id=11"},"modified":"2025-03-27T09:43:47","modified_gmt":"2025-03-27T08:43:47","slug":"accueil","status":"publish","type":"page","link":"https:\/\/www.rb-technologies.com\/fr\/","title":{"rendered":"Accueil"},"content":{"rendered":"<div class=\"wpb-content-wrapper\"><p>[vc_row][vc_column][vc_empty_space][\/vc_column][\/vc_row][vc_row full_width=\u00a0\u00bbstretch_row\u00a0\u00bb el_class=\u00a0\u00bbfond-courbe-un\u00a0\u00bb][vc_column][vc_column_text el_class=\u00a0\u00bbupper h2 italique habillage-titre habillage-titre-bleu\u00a0\u00bb]Concepteur et<span class=\"espace-insec\">\u00a0<\/span><span class=\"mot-habillage-titre\">Fabricant<\/span>[\/vc_column_text][vc_row_inner][vc_column_inner width=\u00a0\u00bb1\/2&Prime;][vc_column_text]<\/p>\n<ul>\n<li>Gr\u00e2ce \u00e0 notre bureau d\u2019\u00e9tude, nous sommes capables de vous proposer des <strong class=\"d2b\">solutions sur mesure, <\/strong>, en fonction de votre cahier des charges,<\/li>\n<li>Gr\u00e2ce au design de notre <strong class=\"d2b\">sonde<\/strong>, nous avons la capacit\u00e9 de proposer une \u00e9lectronique et calibration \u00e0 distance,<\/li>\n<li>Nos <strong class=\"d2b\">\u00e9quipements d\u2019analyse<\/strong> sont livr\u00e9s&#8230;<\/li>\n<\/ul>\n<p>[\/vc_column_text][vc_btn title=\u00a0\u00bbEn savoir plus\u00a0\u00bb style=\u00a0\u00bbcustom\u00a0\u00bb custom_background=\u00a0\u00bb#196cb4&Prime; custom_text=\u00a0\u00bb#ffffff\u00a0\u00bb shape=\u00a0\u00bbsquare\u00a0\u00bb align=\u00a0\u00bbcenter\u00a0\u00bb el_class=\u00a0\u00bbbtn-hover-orange\u00a0\u00bb link=\u00a0\u00bburl:https%3A%2F%2Fwww.rb-technologies.com%2Ffr%2Fsolution-danalyse-de-combustion-de-gaz-pour-le-secteur-industriel%2F|title:Solution%20d%E2%80%99analyse%20de%20combustion%20de%20gaz%20pour%20le%20secteur%20industriel\u00a0\u00bb][\/vc_column_inner][vc_column_inner width=\u00a0\u00bb1\/2&Prime;][vc_single_image image=\u00a0\u00bb422&Prime; img_size=\u00a0\u00bbfull\u00a0\u00bb alignment=\u00a0\u00bbcenter\u00a0\u00bb][\/vc_column_inner][\/vc_row_inner][vc_empty_space height=\u00a0\u00bb100px\u00a0\u00bb el_class=\u00a0\u00bbespace-100&Prime;][\/vc_column][\/vc_row][vc_row full_width=\u00a0\u00bbstretch_row\u00a0\u00bb][vc_column][vc_empty_space height=\u00a0\u00bb30px\u00a0\u00bb][vc_column_text el_class=\u00a0\u00bbupper h2 italique habillage-titre habillage-titre-blanc txt-blanc\u00a0\u00bb]Produits ATEX \/<span class=\"espace-insec\">\u00a0<\/span><span class=\"mot-habillage-titre\">IECEx<\/span>[\/vc_column_text][vc_row_inner equal_height=\u00a0\u00bbyes\u00a0\u00bb gap=\u00a0\u00bb20&Prime;][vc_column_inner el_class=\u00a0\u00bbombre hover-scale-1-1&Prime; width=\u00a0\u00bb1\/3&Prime; css=\u00a0\u00bb.vc_custom_1713429702001{background-color: #0b325f !important;border-radius: 35px !important;}\u00a0\u00bb][vc_column_text el_class=\u00a0\u00bbfort h3 txt-blanc\u00a0\u00bb]<\/p>\n<p style=\"text-align: center;\">Analyseur ZTR3 O2+COe<\/p>\n<p>[\/vc_column_text][vc_column_text el_class=\u00a0\u00bbtxt-blanc\u00a0\u00bb]L&rsquo;analyseur ZTR3 O2+COe, dot\u00e9 d\u2019un design compact et d\u2019une interface ATEX, propose une solution compl\u00e8te pour optimiser les proportions air\/combustible dans les proc\u00e9d\u00e9s de combustion, am\u00e9liorant l\u2019efficacit\u00e9 tout en garantissant la s\u00e9curit\u00e9.<\/p>\n<p>Les meilleurs rendements de combustion sont&#8230;[\/vc_column_text][vc_single_image image=\u00a0\u00bb787&Prime; img_size=\u00a0\u00bbfull\u00a0\u00bb alignment=\u00a0\u00bbcenter\u00a0\u00bb onclick=\u00a0\u00bbcustom_link\u00a0\u00bb link=\u00a0\u00bb\/analyseur-o2\/\u00a0\u00bb][vc_btn title=\u00a0\u00bbEn savoir plus\u00a0\u00bb style=\u00a0\u00bbcustom\u00a0\u00bb custom_background=\u00a0\u00bb#f59d18&Prime; custom_text=\u00a0\u00bb#000000&Prime; shape=\u00a0\u00bbsquare\u00a0\u00bb align=\u00a0\u00bbcenter\u00a0\u00bb el_class=\u00a0\u00bbbtn-hover-blanc\u00a0\u00bb link=\u00a0\u00bburl:https%3A%2F%2Fwww.rb-technologies.com%2Ffr%2Fanalyseur-ztr3%2F|title:Analyseur%20ZTR3&Prime;][\/vc_column_inner][vc_column_inner el_class=\u00a0\u00bbombre hover-scale-1-1&Prime; width=\u00a0\u00bb1\/3&Prime; css=\u00a0\u00bb.vc_custom_1713429706422{background-color: #145297 !important;border-radius: 35px !important;}\u00a0\u00bb][vc_column_text el_class=\u00a0\u00bbfort h3 txt-blanc\u00a0\u00bb]<\/p>\n<p style=\"text-align: center;\">Analyseur ZTR4 O2+COe<\/p>\n<p>[\/vc_column_text][vc_column_text el_class=\u00a0\u00bbtxt-blanc\u00a0\u00bb]L&rsquo;analyseur ZTR4 O2+COe ultra compact est une solution abordable pour les environnements ATEX\/IECEx pour optimiser les proportions air\/combustible dans les proc\u00e9d\u00e9s de combustion, am\u00e9liorant l\u2019efficacit\u00e9 tout en garantissant la s\u00e9curit\u00e9.<\/p>\n<p>Les meilleurs rendements de combustion sont&#8230;[\/vc_column_text][vc_single_image image=\u00a0\u00bb804&Prime; img_size=\u00a0\u00bbfull\u00a0\u00bb alignment=\u00a0\u00bbcenter\u00a0\u00bb onclick=\u00a0\u00bbcustom_link\u00a0\u00bb link=\u00a0\u00bb\/analyseur-o2-coe\/\u00a0\u00bb][vc_btn title=\u00a0\u00bbEn savoir plus\u00a0\u00bb style=\u00a0\u00bbcustom\u00a0\u00bb custom_background=\u00a0\u00bb#f59d18&Prime; custom_text=\u00a0\u00bb#000000&Prime; shape=\u00a0\u00bbsquare\u00a0\u00bb align=\u00a0\u00bbcenter\u00a0\u00bb el_class=\u00a0\u00bbbtn-hover-blanc\u00a0\u00bb link=\u00a0\u00bburl:https%3A%2F%2Fwww.rb-technologies.com%2Ffr%2Fanalyseur-ztr4%2F|title:Analyseur%20ZTR4&Prime;][\/vc_column_inner][vc_column_inner el_class=\u00a0\u00bbombre hover-scale-1-1&Prime; width=\u00a0\u00bb1\/3&Prime; css=\u00a0\u00bb.vc_custom_1713429711048{background-color: #297ec8 !important;border-radius: 35px !important;}\u00a0\u00bb][vc_column_text el_class=\u00a0\u00bbfort h3 txt-blanc\u00a0\u00bb]<\/p>\n<p style=\"text-align: center;\">Pi\u00e8ces d\u00e9tach\u00e9es<\/p>\n<p>[\/vc_column_text][vc_column_text el_class=\u00a0\u00bbtxt-blanc\u00a0\u00bb]Le\u00a0<strong>transmetteur<\/strong>\u00a0est pr\u00e9vu pour \u00eatre install\u00e9 \u00e0 distance de la sonde, sur pied ou panneau. Le\u00a0<strong class=\"d2b\">transmetteur diff\u00e9rentiel<\/strong>\u00a0contr\u00f4le la chauffe et la\u00a0<strong class=\"d2b\">thermor\u00e9gulation de la sonde<\/strong>&#8230;[\/vc_column_text][vc_single_image image=\u00a0\u00bb900&Prime; img_size=\u00a0\u00bbfull\u00a0\u00bb alignment=\u00a0\u00bbcenter\u00a0\u00bb onclick=\u00a0\u00bbcustom_link\u00a0\u00bb link=\u00a0\u00bb\/pieces-detachees\/\u00a0\u00bb][vc_btn title=\u00a0\u00bbEn savoir plus\u00a0\u00bb style=\u00a0\u00bbcustom\u00a0\u00bb custom_background=\u00a0\u00bb#f59d18&Prime; custom_text=\u00a0\u00bb#000000&Prime; shape=\u00a0\u00bbsquare\u00a0\u00bb align=\u00a0\u00bbcenter\u00a0\u00bb el_class=\u00a0\u00bbbtn-hover-blanc\u00a0\u00bb link=\u00a0\u00bburl:https%3A%2F%2Fwww.rb-technologies.com%2Ffr%2Fpieces-detachees%2F|title:Pi%C3%A8ces%20d%C3%A9tach%C3%A9es\u00a0\u00bb][\/vc_column_inner][\/vc_row_inner][\/vc_column][\/vc_row][vc_row full_width=\u00a0\u00bbstretch_row\u00a0\u00bb][vc_column][vc_empty_space height=\u00a0\u00bb30px\u00a0\u00bb el_class=\u00a0\u00bbespace-30&Prime;][vc_column_text el_class=\u00a0\u00bbupper h2 italique habillage-titre habillage-titre-blanc txt-blanc\u00a0\u00bb]Technologie<span class=\"espace-insec\">\u00a0<\/span><span class=\"mot-habillage-titre\">zirconium<\/span>[\/vc_column_text][vc_row_inner][vc_column_inner width=\u00a0\u00bb1\/2&Prime;][vc_column_text el_class=\u00a0\u00bbtxt-blanc\u00a0\u00bb]La mesure d\u2019Oxyg\u00e8ne in situ est essentielle au contr\u00f4le de la combustion dans les fours industriels Un exc\u00e8s st\u0153chiom\u00e9trique contr\u00f4l\u00e9 d\u2019oxyg\u00e8ne est n\u00e9cessaire pour assurer la s\u00e9curit\u00e9 des \u00e9quipements et des personnels&#8230;[\/vc_column_text][vc_btn title=\u00a0\u00bbEn savoir plus\u00a0\u00bb style=\u00a0\u00bbcustom\u00a0\u00bb custom_background=\u00a0\u00bb#ffffff\u00a0\u00bb custom_text=\u00a0\u00bb#000000&Prime; shape=\u00a0\u00bbsquare\u00a0\u00bb align=\u00a0\u00bbleft\u00a0\u00bb el_class=\u00a0\u00bbbtn-hover-orange\u00a0\u00bb link=\u00a0\u00bburl:https%3A%2F%2Fwww.rb-technologies.com%2Ffr%2Fzircone%2F|title:Solution%20d%E2%80%99analyse%20de%20combustion%20de%20gaz%20pour%20le%20secteur%20industriel\u00a0\u00bb][\/vc_column_inner][vc_column_inner width=\u00a0\u00bb1\/2&Prime;][vc_single_image image=\u00a0\u00bb730&Prime; img_size=\u00a0\u00bbfull\u00a0\u00bb alignment=\u00a0\u00bbcenter\u00a0\u00bb][\/vc_column_inner][\/vc_row_inner][\/vc_column][\/vc_row][vc_row full_width=\u00a0\u00bbstretch_row\u00a0\u00bb el_class=\u00a0\u00bbfond-courbe-deux\u00a0\u00bb][vc_column][vc_empty_space height=\u00a0\u00bb30px\u00a0\u00bb el_class=\u00a0\u00bbespace-30&Prime;][vc_column_text el_class=\u00a0\u00bbupper h2 italique habillage-titre habillage-titre-bleu\u00a0\u00bb]Demande de<span class=\"espace-insec\">\u00a0<\/span><span class=\"mot-habillage-titre\">Devis<\/span>[\/vc_column_text][vc_row_inner][vc_column_inner width=\u00a0\u00bb1\/2&Prime;][vc_btn title=\u00a0\u00bbPi\u00e8ces d\u00e9tach\u00e9es\u00a0\u00bb style=\u00a0\u00bbcustom\u00a0\u00bb custom_background=\u00a0\u00bb#196cb4&Prime; custom_text=\u00a0\u00bb#ffffff\u00a0\u00bb shape=\u00a0\u00bbsquare\u00a0\u00bb align=\u00a0\u00bbcenter\u00a0\u00bb el_class=\u00a0\u00bbbtn-hover-orange btn-devis\u00a0\u00bb link=\u00a0\u00bburl:https%3A%2F%2Fwww.rb-technologies.com%2Ffr%2Fdevis-pieces-detachees%2F|title:Devis%20Pi%C3%A8ces%20d%C3%A9tach%C3%A9es\u00a0\u00bb][\/vc_column_inner][vc_column_inner width=\u00a0\u00bb1\/2&Prime;][vc_btn title=\u00a0\u00bbAnalyseur\u00a0\u00bb style=\u00a0\u00bbcustom\u00a0\u00bb custom_background=\u00a0\u00bb#196cb4&Prime; custom_text=\u00a0\u00bb#ffffff\u00a0\u00bb shape=\u00a0\u00bbsquare\u00a0\u00bb align=\u00a0\u00bbcenter\u00a0\u00bb el_class=\u00a0\u00bbbtn-hover-orange btn-devis\u00a0\u00bb link=\u00a0\u00bburl:https%3A%2F%2Fwww.rb-technologies.com%2Ffr%2Fdemande-de-devis-analyseur%2F|title:Devis%20Analyseur\u00a0\u00bb][\/vc_column_inner][\/vc_row_inner][vc_empty_space height=\u00a0\u00bb100px\u00a0\u00bb el_class=\u00a0\u00bbespace-100&Prime;][\/vc_column][\/vc_row]<\/p>\n<\/div>","protected":false},"excerpt":{"rendered":"<p>[vc_row][vc_column][vc_empty_space][\/vc_column][\/vc_row][vc_row full_width=\u00a0\u00bbstretch_row\u00a0\u00bb el_class=\u00a0\u00bbfond-courbe-un\u00a0\u00bb][vc_column][vc_column_text el_class=\u00a0\u00bbupper h2 italique habillage-titre habillage-titre-bleu\u00a0\u00bb]Concepteur et\u00a0Fabricant[\/vc_column_text][vc_row_inner][vc_column_inner width=\u00a0\u00bb1\/2&Prime;][vc_column_text] Gr\u00e2ce \u00e0 notre bureau d\u2019\u00e9tude, nous sommes capables de vous proposer des solutions sur mesure, ,<span class=\"excerpt-hellip\"> [\u2026]<\/span><\/p>\n","protected":false},"author":1,"featured_media":0,"parent":0,"menu_order":0,"comment_status":"closed","ping_status":"closed","template":"","meta":{"footnotes":""},"class_list":["post-11","page","type-page","status-publish","hentry"],"yoast_head":"<!-- This site is optimized with the Yoast SEO plugin v26.8 - https:\/\/yoast.com\/product\/yoast-seo-wordpress\/ -->\n<title>Analyseur de combustion industriel<\/title>\n<meta name=\"description\" content=\"RB TECHNOLOGIES, fournit des analyseurs de combustion industriel ATEX, pour les atmosph\u00e8res explosive. Contactez-nous !\" \/>\n<meta name=\"robots\" content=\"index, follow, max-snippet:-1, max-image-preview:large, max-video-preview:-1\" \/>\n<link rel=\"canonical\" href=\"https:\/\/www.rb-technologies.com\/fr\/\" \/>\n<meta property=\"og:locale\" content=\"fr_FR\" \/>\n<meta property=\"og:type\" content=\"article\" \/>\n<meta property=\"og:title\" content=\"Analyseur de combustion industriel\" \/>\n<meta property=\"og:description\" content=\"RB TECHNOLOGIES, fournit des analyseurs de combustion industriel ATEX, pour les atmosph\u00e8res explosive. Contactez-nous !\" \/>\n<meta property=\"og:url\" content=\"https:\/\/www.rb-technologies.com\/fr\/\" \/>\n<meta property=\"og:site_name\" content=\"rb-technologies.com\" \/>\n<meta property=\"article:modified_time\" content=\"2025-03-27T08:43:47+00:00\" \/>\n<meta name=\"twitter:card\" content=\"summary_large_image\" \/>\n<meta name=\"twitter:label1\" content=\"Dur\u00e9e de lecture estim\u00e9e\" \/>\n\t<meta name=\"twitter:data1\" content=\"3 minutes\" \/>\n<script type=\"application\/ld+json\" class=\"yoast-schema-graph\">{\"@context\":\"https:\/\/schema.org\",\"@graph\":[{\"@type\":\"WebPage\",\"@id\":\"https:\/\/www.rb-technologies.com\/fr\/\",\"url\":\"https:\/\/www.rb-technologies.com\/fr\/\",\"name\":\"Analyseur de combustion industriel\",\"isPartOf\":{\"@id\":\"https:\/\/www.rb-technologies.com\/fr\/#website\"},\"datePublished\":\"2024-04-17T14:04:09+00:00\",\"dateModified\":\"2025-03-27T08:43:47+00:00\",\"description\":\"RB TECHNOLOGIES, fournit des analyseurs de combustion industriel ATEX, pour les atmosph\u00e8res explosive. Contactez-nous !\",\"breadcrumb\":{\"@id\":\"https:\/\/www.rb-technologies.com\/fr\/#breadcrumb\"},\"inLanguage\":\"fr-FR\",\"potentialAction\":[{\"@type\":\"ReadAction\",\"target\":[\"https:\/\/www.rb-technologies.com\/fr\/\"]}]},{\"@type\":\"BreadcrumbList\",\"@id\":\"https:\/\/www.rb-technologies.com\/fr\/#breadcrumb\",\"itemListElement\":[{\"@type\":\"ListItem\",\"position\":1,\"name\":\"Home\",\"item\":\"https:\/\/www.rb-technologies.com\/fr\/\"},{\"@type\":\"ListItem\",\"position\":2,\"name\":\"Accueil\"}]},{\"@type\":\"WebSite\",\"@id\":\"https:\/\/www.rb-technologies.com\/fr\/#website\",\"url\":\"https:\/\/www.rb-technologies.com\/fr\/\",\"name\":\"rb-technologies.com\",\"description\":\"\",\"potentialAction\":[{\"@type\":\"SearchAction\",\"target\":{\"@type\":\"EntryPoint\",\"urlTemplate\":\"https:\/\/www.rb-technologies.com\/fr\/?s={search_term_string}\"},\"query-input\":{\"@type\":\"PropertyValueSpecification\",\"valueRequired\":true,\"valueName\":\"search_term_string\"}}],\"inLanguage\":\"fr-FR\"}]}<\/script>\n<!-- \/ Yoast SEO plugin. -->","yoast_head_json":{"title":"Analyseur de combustion industriel","description":"RB TECHNOLOGIES, fournit des analyseurs de combustion industriel ATEX, pour les atmosph\u00e8res explosive. Contactez-nous !","robots":{"index":"index","follow":"follow","max-snippet":"max-snippet:-1","max-image-preview":"max-image-preview:large","max-video-preview":"max-video-preview:-1"},"canonical":"https:\/\/www.rb-technologies.com\/fr\/","og_locale":"fr_FR","og_type":"article","og_title":"Analyseur de combustion industriel","og_description":"RB TECHNOLOGIES, fournit des analyseurs de combustion industriel ATEX, pour les atmosph\u00e8res explosive. Contactez-nous !","og_url":"https:\/\/www.rb-technologies.com\/fr\/","og_site_name":"rb-technologies.com","article_modified_time":"2025-03-27T08:43:47+00:00","twitter_card":"summary_large_image","twitter_misc":{"Dur\u00e9e de lecture estim\u00e9e":"3 minutes"},"schema":{"@context":"https:\/\/schema.org","@graph":[{"@type":"WebPage","@id":"https:\/\/www.rb-technologies.com\/fr\/","url":"https:\/\/www.rb-technologies.com\/fr\/","name":"Analyseur de combustion industriel","isPartOf":{"@id":"https:\/\/www.rb-technologies.com\/fr\/#website"},"datePublished":"2024-04-17T14:04:09+00:00","dateModified":"2025-03-27T08:43:47+00:00","description":"RB TECHNOLOGIES, fournit des analyseurs de combustion industriel ATEX, pour les atmosph\u00e8res explosive. Contactez-nous !","breadcrumb":{"@id":"https:\/\/www.rb-technologies.com\/fr\/#breadcrumb"},"inLanguage":"fr-FR","potentialAction":[{"@type":"ReadAction","target":["https:\/\/www.rb-technologies.com\/fr\/"]}]},{"@type":"BreadcrumbList","@id":"https:\/\/www.rb-technologies.com\/fr\/#breadcrumb","itemListElement":[{"@type":"ListItem","position":1,"name":"Home","item":"https:\/\/www.rb-technologies.com\/fr\/"},{"@type":"ListItem","position":2,"name":"Accueil"}]},{"@type":"WebSite","@id":"https:\/\/www.rb-technologies.com\/fr\/#website","url":"https:\/\/www.rb-technologies.com\/fr\/","name":"rb-technologies.com","description":"","potentialAction":[{"@type":"SearchAction","target":{"@type":"EntryPoint","urlTemplate":"https:\/\/www.rb-technologies.com\/fr\/?s={search_term_string}"},"query-input":{"@type":"PropertyValueSpecification","valueRequired":true,"valueName":"search_term_string"}}],"inLanguage":"fr-FR"}]}},"jetpack_sharing_enabled":true,"_links":{"self":[{"href":"https:\/\/www.rb-technologies.com\/fr\/wp-json\/wp\/v2\/pages\/11","targetHints":{"allow":["GET"]}}],"collection":[{"href":"https:\/\/www.rb-technologies.com\/fr\/wp-json\/wp\/v2\/pages"}],"about":[{"href":"https:\/\/www.rb-technologies.com\/fr\/wp-json\/wp\/v2\/types\/page"}],"author":[{"embeddable":true,"href":"https:\/\/www.rb-technologies.com\/fr\/wp-json\/wp\/v2\/users\/1"}],"replies":[{"embeddable":true,"href":"https:\/\/www.rb-technologies.com\/fr\/wp-json\/wp\/v2\/comments?post=11"}],"version-history":[{"count":37,"href":"https:\/\/www.rb-technologies.com\/fr\/wp-json\/wp\/v2\/pages\/11\/revisions"}],"predecessor-version":[{"id":958,"href":"https:\/\/www.rb-technologies.com\/fr\/wp-json\/wp\/v2\/pages\/11\/revisions\/958"}],"wp:attachment":[{"href":"https:\/\/www.rb-technologies.com\/fr\/wp-json\/wp\/v2\/media?parent=11"}],"curies":[{"name":"wp","href":"https:\/\/api.w.org\/{rel}","templated":true}]}}