{"id":443,"date":"2024-04-17T16:11:46","date_gmt":"2024-04-17T14:11:46","guid":{"rendered":"https:\/\/rb-technologies.com\/analyseur-o2-coe\/"},"modified":"2025-09-03T10:26:34","modified_gmt":"2025-09-03T08:26:34","slug":"analyseur-o2-coe-controle-combustion-controle-combustion-ztr4","status":"publish","type":"page","link":"https:\/\/www.rb-technologies.com\/fr\/analyseur-o2-coe-controle-combustion-controle-combustion-ztr4\/","title":{"rendered":"Analyseur ZTR4 O2 + COe"},"content":{"rendered":"<div class=\"wpb-content-wrapper\"><p>[vc_row][vc_column][vc_empty_space][\/vc_column][\/vc_row][vc_row full_width=\u00a0\u00bbstretch_row\u00a0\u00bb el_class=\u00a0\u00bbfond-courbe-un\u00a0\u00bb][vc_column][vc_column_text el_class=\u00a0\u00bbupper h2 italique habillage-titre habillage-titre-bleu\u00a0\u00bb]<\/p>\n<h2>Analyseur O2+COe ATEX pour le contr\u00f4le de<span class=\"espace-insec\">\u00a0<\/span><span class=\"mot-habillage-titre\">combustion<\/span><\/h2>\n<p>[\/vc_column_text][vc_row_inner][vc_column_inner width=\u00a0\u00bb1\/2&Prime;][vc_column_text el_class=\u00a0\u00bbliste\u00a0\u00bb]<\/p>\n<ul>\n<li><strong>Analyseur dual O2+COe zircone in situ<\/strong>\u00a0pour le\u00a0<strong>contr\u00f4le de combustion<\/strong>\u00a0en atmosph\u00e8re explosible<\/li>\n<li><span class=\"fort\">Design ultra compact et l\u00e9ger<\/span><\/li>\n<li><span class=\"fort\">Temps de r\u00e9ponse ultra rapide<\/span> gr\u00e2ce \u00e0 la technologie <span class=\"fort\">FiNCORE<\/span><\/li>\n<li>Excellente pr\u00e9cision et fiabilit\u00e9<\/li>\n<li><span class=\"fort\">\u00c9lectronique et \u00e9talonnage \u00e0 distance<\/span>, facilitant l&rsquo;installation<\/li>\n<li>Enveloppe inox 316L qui conf\u00e8re une bonne r\u00e9sistance aux atmosph\u00e8res humides, salines et corrosives<\/li>\n<li>Transmetteur O2+COe \u00e0 distance de type ZTR4 : certifi\u00e9 ATEX\/IECEx Zone 1, Ex II 2 G, Ex d e IIC T6 Gb, Certification Ta -60\u00b0C \u00e0 +60\u00b0C, Fonctionnement Ta -20\u00b0C \u00e0 +60\u00b0C<\/li>\n<li>Certification PESO: certificat n\u00b0P630870<\/li>\n<\/ul>\n<p>[\/vc_column_text][\/vc_column_inner][vc_column_inner width=\u00a0\u00bb1\/2&Prime;][vc_column_text]L&rsquo;<strong>analyseur d&rsquo;oxyg\u00e8ne<\/strong> <span class=\"fort\">O2+COe ZTR4<\/span> ultra compact est une solution abordable pour les <strong>environnements ATEX\/IECEx<\/strong> pour optimiser les proportions air\/combustible dans les proc\u00e9d\u00e9s de combustion, am\u00e9liorant l\u2019efficacit\u00e9 tout en garantissant la s\u00e9curit\u00e9.<\/p>\n<p>Les meilleurs rendements de combustion sont atteints \u00e0 faible niveau d&rsquo;exc\u00e8s d&rsquo;oxyg\u00e8ne dans les fum\u00e9es. Toutefois, cette am\u00e9lioration est limit\u00e9e par l&rsquo;\u00e9mission de gaz combustibles n\u00e9fastes (principalement CO et H2), \u00e0 faibles niveaux d&rsquo;oxyg\u00e8ne. Pour optimiser la combustion, il est donc crucial de contr\u00f4ler \u00e0 la fois le niveau d&rsquo;exc\u00e8s d&rsquo;oxyg\u00e8ne et le potentiel r\u00e9ducteur d\u00fb aux gaz combustibles pr\u00e9sents dans les fum\u00e9es.[\/vc_column_text][\/vc_column_inner][\/vc_row_inner][vc_empty_space height=\u00a0\u00bb50px\u00a0\u00bb el_class=\u00a0\u00bbespace-150 espace-bas-grand-1240&Prime;][\/vc_column][\/vc_row][vc_row full_width=\u00a0\u00bbstretch_row\u00a0\u00bb][vc_column][vc_column_text el_class=\u00a0\u00bbupper h2 italique habillage-titre habillage-titre-blanc txt-blanc\u00a0\u00bb]<span class=\"mot-habillage-titre\">L&rsquo;Analyseur :<\/span>[\/vc_column_text][vc_row_inner][vc_column_inner width=\u00a0\u00bb1\/2&Prime;][vc_column_text el_class=\u00a0\u00bbtxt-blanc\u00a0\u00bb]<\/p>\n<ol>\n<li><strong class=\"d2b\">Sonde \u00e0 l\u2019oxyde de zirconium<\/strong> de type ZPL2 O2+COe<\/li>\n<li>Transmetteur compact de type ZTR4 O2+COe<\/li>\n<li>Tube de d\u00e9viation<\/li>\n<li>Bo\u00eete de jonction et du c\u00e2ble de connexion si la distance<br \/>\nsonde-transmetteur &gt; 3m<\/li>\n<li>Kit de calibration automatique<\/li>\n<li>\u00c9tiquetage<\/li>\n<li>Ligne de calibration<\/li>\n<li>Pressostat<\/li>\n<\/ol>\n<p>[\/vc_column_text][\/vc_column_inner][vc_column_inner width=\u00a0\u00bb1\/2&Prime;][vc_single_image image=\u00a0\u00bb894&Prime; img_size=\u00a0\u00bbfull\u00a0\u00bb alignment=\u00a0\u00bbcenter\u00a0\u00bb][\/vc_column_inner][\/vc_row_inner][\/vc_column][\/vc_row][vc_row full_width=\u00a0\u00bbstretch_row\u00a0\u00bb el_class=\u00a0\u00bbfond-courbe-deux\u00a0\u00bb][vc_column][vc_empty_space height=\u00a0\u00bb30px\u00a0\u00bb el_class=\u00a0\u00bbespace-30&Prime;][vc_column_text el_class=\u00a0\u00bbupper h2 italique habillage-titre habillage-titre-bleu\u00a0\u00bb]Demande de<span class=\"espace-insec\">\u00a0<\/span><span class=\"mot-habillage-titre\">Devis[\/vc_column_text][vc_row_inner][vc_column_inner width=\u00a0\u00bb1\/2&Prime;][vc_btn title=\u00a0\u00bbDevis pour Analyseur\u00a0\u00bb style=\u00a0\u00bbcustom\u00a0\u00bb custom_background=\u00a0\u00bb#196cb4&Prime; custom_text=\u00a0\u00bb#ffffff\u00a0\u00bb shape=\u00a0\u00bbsquare\u00a0\u00bb align=\u00a0\u00bbcenter\u00a0\u00bb el_class=\u00a0\u00bbbtn-hover-orange btn-devis\u00a0\u00bb link=\u00a0\u00bburl:https%3A%2F%2Frb-technologies.com%2Fdevis-analyseur%2F|title:Devis%20Analyseur\u00a0\u00bb][\/vc_column_inner][vc_column_inner width=\u00a0\u00bb1\/2&Prime;][vc_btn title=\u00a0\u00bbDemande d&rsquo;information\u00a0\u00bb style=\u00a0\u00bbcustom\u00a0\u00bb custom_background=\u00a0\u00bb#196cb4&Prime; custom_text=\u00a0\u00bb#ffffff\u00a0\u00bb shape=\u00a0\u00bbsquare\u00a0\u00bb align=\u00a0\u00bbcenter\u00a0\u00bb el_class=\u00a0\u00bbbtn-hover-orange btn-devis\u00a0\u00bb link=\u00a0\u00bburl:https%3A%2F%2Fwww.rb-technologies.com%2Ffr%2Fcontact%2F|title:Contact\u00a0\u00bb][\/vc_column_inner][\/vc_row_inner][vc_empty_space height=\u00a0\u00bb100px\u00a0\u00bb el_class=\u00a0\u00bbespace-100&Prime;][\/vc_column][\/vc_row][vc_row][vc_column][vc_column_text]<\/span>[\/vc_column_text][\/vc_column][\/vc_row]<\/p>\n<\/div>","protected":false},"excerpt":{"rendered":"<p>[vc_row][vc_column][vc_empty_space][\/vc_column][\/vc_row][vc_row full_width=\u00a0\u00bbstretch_row\u00a0\u00bb el_class=\u00a0\u00bbfond-courbe-un\u00a0\u00bb][vc_column][vc_column_text el_class=\u00a0\u00bbupper h2 italique habillage-titre habillage-titre-bleu\u00a0\u00bb] Analyseur O2+COe ATEX pour le contr\u00f4le de\u00a0combustion [\/vc_column_text][vc_row_inner][vc_column_inner width=\u00a0\u00bb1\/2&Prime;][vc_column_text el_class=\u00a0\u00bbliste\u00a0\u00bb] Analyseur dual O2+COe zircone in situ\u00a0pour le\u00a0contr\u00f4le de<span class=\"excerpt-hellip\"> [\u2026]<\/span><\/p>\n","protected":false},"author":1,"featured_media":804,"parent":0,"menu_order":0,"comment_status":"closed","ping_status":"closed","template":"","meta":{"footnotes":""},"class_list":["post-443","page","type-page","status-publish","has-post-thumbnail","hentry"],"yoast_head":"<!-- This site is optimized with the Yoast SEO plugin v26.8 - https:\/\/yoast.com\/product\/yoast-seo-wordpress\/ -->\n<title>Analyseur Combustion ATEX Oxyg\u00e8ne et COe<\/title>\n<meta name=\"description\" content=\"L&#039;analyseur ZTR4 O2+COe ultra compact est une solution abordable pour les environnements ATEX\/IECEx pour optimiser les proportions air\/combustible dans les proc\u00e9d\u00e9s de combustion, am\u00e9liorant l\u2019efficacit\u00e9 tout en garantissant la s\u00e9curit\u00e9.\" \/>\n<meta name=\"robots\" content=\"index, follow, max-snippet:-1, max-image-preview:large, max-video-preview:-1\" \/>\n<link rel=\"canonical\" href=\"https:\/\/www.rb-technologies.com\/fr\/analyseur-o2-coe-controle-combustion-controle-combustion-ztr4\/\" \/>\n<meta property=\"og:locale\" content=\"fr_FR\" \/>\n<meta property=\"og:type\" content=\"article\" \/>\n<meta property=\"og:title\" content=\"Analyseur Combustion ATEX Oxyg\u00e8ne et COe\" \/>\n<meta property=\"og:description\" content=\"L&#039;analyseur ZTR4 O2+COe ultra compact est une solution abordable pour les environnements ATEX\/IECEx pour optimiser les proportions air\/combustible dans les proc\u00e9d\u00e9s de combustion, am\u00e9liorant l\u2019efficacit\u00e9 tout en garantissant la s\u00e9curit\u00e9.\" \/>\n<meta property=\"og:url\" content=\"https:\/\/www.rb-technologies.com\/fr\/analyseur-o2-coe-controle-combustion-controle-combustion-ztr4\/\" \/>\n<meta property=\"og:site_name\" content=\"rb-technologies.com\" \/>\n<meta property=\"article:modified_time\" content=\"2025-09-03T08:26:34+00:00\" \/>\n<meta property=\"og:image\" content=\"https:\/\/www.rb-technologies.com\/wp-content\/uploads\/2025\/01\/ZTR4_2.png\" \/>\n\t<meta property=\"og:image:width\" content=\"973\" \/>\n\t<meta property=\"og:image:height\" content=\"768\" \/>\n\t<meta property=\"og:image:type\" content=\"image\/png\" \/>\n<meta name=\"twitter:card\" content=\"summary_large_image\" \/>\n<meta name=\"twitter:label1\" content=\"Dur\u00e9e de lecture estim\u00e9e\" \/>\n\t<meta name=\"twitter:data1\" content=\"2 minutes\" \/>\n<script type=\"application\/ld+json\" class=\"yoast-schema-graph\">{\"@context\":\"https:\/\/schema.org\",\"@graph\":[{\"@type\":\"WebPage\",\"@id\":\"https:\/\/www.rb-technologies.com\/fr\/analyseur-o2-coe-controle-combustion-controle-combustion-ztr4\/\",\"url\":\"https:\/\/www.rb-technologies.com\/fr\/analyseur-o2-coe-controle-combustion-controle-combustion-ztr4\/\",\"name\":\"Analyseur Combustion ATEX Oxyg\u00e8ne et COe\",\"isPartOf\":{\"@id\":\"https:\/\/www.rb-technologies.com\/fr\/#website\"},\"primaryImageOfPage\":{\"@id\":\"https:\/\/www.rb-technologies.com\/fr\/analyseur-o2-coe-controle-combustion-controle-combustion-ztr4\/#primaryimage\"},\"image\":{\"@id\":\"https:\/\/www.rb-technologies.com\/fr\/analyseur-o2-coe-controle-combustion-controle-combustion-ztr4\/#primaryimage\"},\"thumbnailUrl\":\"https:\/\/www.rb-technologies.com\/wp-content\/uploads\/2025\/01\/ZTR4_2.png\",\"datePublished\":\"2024-04-17T14:11:46+00:00\",\"dateModified\":\"2025-09-03T08:26:34+00:00\",\"description\":\"L'analyseur ZTR4 O2+COe ultra compact est une solution abordable pour les environnements ATEX\/IECEx pour optimiser les proportions air\/combustible dans les proc\u00e9d\u00e9s de combustion, am\u00e9liorant l\u2019efficacit\u00e9 tout en garantissant la s\u00e9curit\u00e9.\",\"breadcrumb\":{\"@id\":\"https:\/\/www.rb-technologies.com\/fr\/analyseur-o2-coe-controle-combustion-controle-combustion-ztr4\/#breadcrumb\"},\"inLanguage\":\"fr-FR\",\"potentialAction\":[{\"@type\":\"ReadAction\",\"target\":[\"https:\/\/www.rb-technologies.com\/fr\/analyseur-o2-coe-controle-combustion-controle-combustion-ztr4\/\"]}]},{\"@type\":\"ImageObject\",\"inLanguage\":\"fr-FR\",\"@id\":\"https:\/\/www.rb-technologies.com\/fr\/analyseur-o2-coe-controle-combustion-controle-combustion-ztr4\/#primaryimage\",\"url\":\"https:\/\/www.rb-technologies.com\/wp-content\/uploads\/2025\/01\/ZTR4_2.png\",\"contentUrl\":\"https:\/\/www.rb-technologies.com\/wp-content\/uploads\/2025\/01\/ZTR4_2.png\",\"width\":973,\"height\":768},{\"@type\":\"BreadcrumbList\",\"@id\":\"https:\/\/www.rb-technologies.com\/fr\/analyseur-o2-coe-controle-combustion-controle-combustion-ztr4\/#breadcrumb\",\"itemListElement\":[{\"@type\":\"ListItem\",\"position\":1,\"name\":\"Home\",\"item\":\"https:\/\/www.rb-technologies.com\/fr\/\"},{\"@type\":\"ListItem\",\"position\":2,\"name\":\"Analyseur ZTR4 O2 + COe\"}]},{\"@type\":\"WebSite\",\"@id\":\"https:\/\/www.rb-technologies.com\/fr\/#website\",\"url\":\"https:\/\/www.rb-technologies.com\/fr\/\",\"name\":\"rb-technologies.com\",\"description\":\"\",\"potentialAction\":[{\"@type\":\"SearchAction\",\"target\":{\"@type\":\"EntryPoint\",\"urlTemplate\":\"https:\/\/www.rb-technologies.com\/fr\/?s={search_term_string}\"},\"query-input\":{\"@type\":\"PropertyValueSpecification\",\"valueRequired\":true,\"valueName\":\"search_term_string\"}}],\"inLanguage\":\"fr-FR\"}]}<\/script>\n<!-- \/ Yoast SEO plugin. -->","yoast_head_json":{"title":"Analyseur Combustion ATEX Oxyg\u00e8ne et COe","description":"L'analyseur ZTR4 O2+COe ultra compact est une solution abordable pour les environnements ATEX\/IECEx pour optimiser les proportions air\/combustible dans les proc\u00e9d\u00e9s de combustion, am\u00e9liorant l\u2019efficacit\u00e9 tout en garantissant la s\u00e9curit\u00e9.","robots":{"index":"index","follow":"follow","max-snippet":"max-snippet:-1","max-image-preview":"max-image-preview:large","max-video-preview":"max-video-preview:-1"},"canonical":"https:\/\/www.rb-technologies.com\/fr\/analyseur-o2-coe-controle-combustion-controle-combustion-ztr4\/","og_locale":"fr_FR","og_type":"article","og_title":"Analyseur Combustion ATEX Oxyg\u00e8ne et COe","og_description":"L'analyseur ZTR4 O2+COe ultra compact est une solution abordable pour les environnements ATEX\/IECEx pour optimiser les proportions air\/combustible dans les proc\u00e9d\u00e9s de combustion, am\u00e9liorant l\u2019efficacit\u00e9 tout en garantissant la s\u00e9curit\u00e9.","og_url":"https:\/\/www.rb-technologies.com\/fr\/analyseur-o2-coe-controle-combustion-controle-combustion-ztr4\/","og_site_name":"rb-technologies.com","article_modified_time":"2025-09-03T08:26:34+00:00","og_image":[{"width":973,"height":768,"url":"https:\/\/www.rb-technologies.com\/wp-content\/uploads\/2025\/01\/ZTR4_2.png","type":"image\/png"}],"twitter_card":"summary_large_image","twitter_misc":{"Dur\u00e9e de lecture estim\u00e9e":"2 minutes"},"schema":{"@context":"https:\/\/schema.org","@graph":[{"@type":"WebPage","@id":"https:\/\/www.rb-technologies.com\/fr\/analyseur-o2-coe-controle-combustion-controle-combustion-ztr4\/","url":"https:\/\/www.rb-technologies.com\/fr\/analyseur-o2-coe-controle-combustion-controle-combustion-ztr4\/","name":"Analyseur Combustion ATEX Oxyg\u00e8ne et COe","isPartOf":{"@id":"https:\/\/www.rb-technologies.com\/fr\/#website"},"primaryImageOfPage":{"@id":"https:\/\/www.rb-technologies.com\/fr\/analyseur-o2-coe-controle-combustion-controle-combustion-ztr4\/#primaryimage"},"image":{"@id":"https:\/\/www.rb-technologies.com\/fr\/analyseur-o2-coe-controle-combustion-controle-combustion-ztr4\/#primaryimage"},"thumbnailUrl":"https:\/\/www.rb-technologies.com\/wp-content\/uploads\/2025\/01\/ZTR4_2.png","datePublished":"2024-04-17T14:11:46+00:00","dateModified":"2025-09-03T08:26:34+00:00","description":"L'analyseur ZTR4 O2+COe ultra compact est une solution abordable pour les environnements ATEX\/IECEx pour optimiser les proportions air\/combustible dans les proc\u00e9d\u00e9s de combustion, am\u00e9liorant l\u2019efficacit\u00e9 tout en garantissant la s\u00e9curit\u00e9.","breadcrumb":{"@id":"https:\/\/www.rb-technologies.com\/fr\/analyseur-o2-coe-controle-combustion-controle-combustion-ztr4\/#breadcrumb"},"inLanguage":"fr-FR","potentialAction":[{"@type":"ReadAction","target":["https:\/\/www.rb-technologies.com\/fr\/analyseur-o2-coe-controle-combustion-controle-combustion-ztr4\/"]}]},{"@type":"ImageObject","inLanguage":"fr-FR","@id":"https:\/\/www.rb-technologies.com\/fr\/analyseur-o2-coe-controle-combustion-controle-combustion-ztr4\/#primaryimage","url":"https:\/\/www.rb-technologies.com\/wp-content\/uploads\/2025\/01\/ZTR4_2.png","contentUrl":"https:\/\/www.rb-technologies.com\/wp-content\/uploads\/2025\/01\/ZTR4_2.png","width":973,"height":768},{"@type":"BreadcrumbList","@id":"https:\/\/www.rb-technologies.com\/fr\/analyseur-o2-coe-controle-combustion-controle-combustion-ztr4\/#breadcrumb","itemListElement":[{"@type":"ListItem","position":1,"name":"Home","item":"https:\/\/www.rb-technologies.com\/fr\/"},{"@type":"ListItem","position":2,"name":"Analyseur ZTR4 O2 + COe"}]},{"@type":"WebSite","@id":"https:\/\/www.rb-technologies.com\/fr\/#website","url":"https:\/\/www.rb-technologies.com\/fr\/","name":"rb-technologies.com","description":"","potentialAction":[{"@type":"SearchAction","target":{"@type":"EntryPoint","urlTemplate":"https:\/\/www.rb-technologies.com\/fr\/?s={search_term_string}"},"query-input":{"@type":"PropertyValueSpecification","valueRequired":true,"valueName":"search_term_string"}}],"inLanguage":"fr-FR"}]}},"jetpack_sharing_enabled":true,"_links":{"self":[{"href":"https:\/\/www.rb-technologies.com\/fr\/wp-json\/wp\/v2\/pages\/443","targetHints":{"allow":["GET"]}}],"collection":[{"href":"https:\/\/www.rb-technologies.com\/fr\/wp-json\/wp\/v2\/pages"}],"about":[{"href":"https:\/\/www.rb-technologies.com\/fr\/wp-json\/wp\/v2\/types\/page"}],"author":[{"embeddable":true,"href":"https:\/\/www.rb-technologies.com\/fr\/wp-json\/wp\/v2\/users\/1"}],"replies":[{"embeddable":true,"href":"https:\/\/www.rb-technologies.com\/fr\/wp-json\/wp\/v2\/comments?post=443"}],"version-history":[{"count":23,"href":"https:\/\/www.rb-technologies.com\/fr\/wp-json\/wp\/v2\/pages\/443\/revisions"}],"predecessor-version":[{"id":981,"href":"https:\/\/www.rb-technologies.com\/fr\/wp-json\/wp\/v2\/pages\/443\/revisions\/981"}],"wp:featuredmedia":[{"embeddable":true,"href":"https:\/\/www.rb-technologies.com\/fr\/wp-json\/wp\/v2\/media\/804"}],"wp:attachment":[{"href":"https:\/\/www.rb-technologies.com\/fr\/wp-json\/wp\/v2\/media?parent=443"}],"curies":[{"name":"wp","href":"https:\/\/api.w.org\/{rel}","templated":true}]}}