{"id":444,"date":"2024-04-17T16:13:24","date_gmt":"2024-04-17T14:13:24","guid":{"rendered":"https:\/\/rb-technologies.com\/contact\/"},"modified":"2024-06-07T10:04:36","modified_gmt":"2024-06-07T08:04:36","slug":"contact","status":"publish","type":"page","link":"https:\/\/www.rb-technologies.com\/fr\/contact\/","title":{"rendered":"Contact"},"content":{"rendered":"<div class=\"wpb-content-wrapper\"><p>[vc_row full_width=\u00a0\u00bbstretch_row\u00a0\u00bb el_class=\u00a0\u00bbfond-courbe-un fond-courbe-un-grand\u00a0\u00bb][vc_column]\n<div class=\"wpcf7 no-js\" id=\"wpcf7-f649-o1\" lang=\"en-US\" dir=\"ltr\" data-wpcf7-id=\"649\">\n<div class=\"screen-reader-response\"><p role=\"status\" aria-live=\"polite\" aria-atomic=\"true\"><\/p> <ul><\/ul><\/div>\n<form action=\"\/fr\/wp-json\/wp\/v2\/pages\/444#wpcf7-f649-o1\" method=\"post\" class=\"wpcf7-form init\" aria-label=\"Contact form\" enctype=\"multipart\/form-data\" novalidate=\"novalidate\" data-status=\"init\">\n<fieldset class=\"hidden-fields-container\"><input type=\"hidden\" name=\"_wpcf7\" value=\"649\" \/><input type=\"hidden\" name=\"_wpcf7_version\" value=\"6.1.5\" \/><input type=\"hidden\" name=\"_wpcf7_locale\" value=\"en_US\" \/><input type=\"hidden\" name=\"_wpcf7_unit_tag\" value=\"wpcf7-f649-o1\" \/><input type=\"hidden\" name=\"_wpcf7_container_post\" value=\"0\" \/><input type=\"hidden\" name=\"_wpcf7_posted_data_hash\" value=\"\" \/><input type=\"hidden\" name=\"_wpcf7cf_hidden_group_fields\" value=\"[]\" \/><input type=\"hidden\" name=\"_wpcf7cf_hidden_groups\" value=\"[]\" \/><input type=\"hidden\" name=\"_wpcf7cf_visible_groups\" value=\"[]\" \/><input type=\"hidden\" name=\"_wpcf7cf_repeaters\" value=\"[]\" \/><input type=\"hidden\" name=\"_wpcf7cf_steps\" value=\"{}\" \/><input type=\"hidden\" name=\"_wpcf7cf_options\" value=\"{&quot;form_id&quot;:649,&quot;conditions&quot;:[],&quot;settings&quot;:{&quot;animation&quot;:&quot;no&quot;,&quot;animation_intime&quot;:&quot;200&quot;,&quot;animation_outtime&quot;:&quot;200&quot;,&quot;conditions_ui&quot;:&quot;normal&quot;,&quot;notice_dismissed&quot;:&quot;&quot;}}\" \/>\n<\/fieldset>\n<div class=\"gauche\">\n\t<p><label> Envoyez-nous vos fichiers<br \/>\n<span class=\"wpcf7-form-control-wrap\" data-name=\"file-229\"><input size=\"40\" class=\"wpcf7-form-control wpcf7-file\" accept=\".pdf,.jpg,.png,.docx\" aria-invalid=\"false\" type=\"file\" name=\"file-229\" \/><\/span><\/label>\n\t<\/p>\n\t<p><label> Nom*<br \/>\n<span class=\"wpcf7-form-control-wrap\" data-name=\"your-name\"><input size=\"40\" maxlength=\"400\" class=\"wpcf7-form-control wpcf7-text wpcf7-validates-as-required\" aria-required=\"true\" aria-invalid=\"false\" value=\"\" type=\"text\" name=\"your-name\" \/><\/span> <\/label>\n\t<\/p>\n\t<p><label> Soci\u00e9t\u00e9*<br \/>\n<span class=\"wpcf7-form-control-wrap\" data-name=\"text-company\"><input size=\"40\" maxlength=\"400\" class=\"wpcf7-form-control wpcf7-text wpcf7-validates-as-required\" aria-required=\"true\" aria-invalid=\"false\" value=\"\" type=\"text\" name=\"text-company\" \/><\/span><\/label>\n\t<\/p>\n\t<p><label> Adresse<br \/>\n<span class=\"wpcf7-form-control-wrap\" data-name=\"text-address\"><input size=\"40\" maxlength=\"400\" class=\"wpcf7-form-control wpcf7-text wpcf7-validates-as-required\" aria-required=\"true\" aria-invalid=\"false\" value=\"\" type=\"text\" name=\"text-address\" \/><\/span><\/label>\n\t<\/p>\n\t<p><label> Email*<br \/>\n<span class=\"wpcf7-form-control-wrap\" data-name=\"your-email\"><input size=\"40\" maxlength=\"400\" class=\"wpcf7-form-control wpcf7-email wpcf7-validates-as-required wpcf7-text wpcf7-validates-as-email\" aria-required=\"true\" aria-invalid=\"false\" value=\"\" type=\"email\" name=\"your-email\" \/><\/span> <\/label>\n\t<\/p>\n\t<p><label> T\u00e9l\u00e9phone*<br \/>\n<span class=\"wpcf7-form-control-wrap\" data-name=\"tel-681\"><input size=\"40\" maxlength=\"400\" class=\"wpcf7-form-control wpcf7-tel wpcf7-validates-as-required wpcf7-text wpcf7-validates-as-tel\" aria-required=\"true\" aria-invalid=\"false\" value=\"\" type=\"tel\" name=\"tel-681\" \/><\/span><\/label>\n\t<\/p>\n\t<p class=\"cent\"><label>Comment nous avez-vous connus ?*<br \/>\n<span class=\"wpcf7-form-control-wrap\" data-name=\"source\"><select class=\"wpcf7-form-control wpcf7-select wpcf7-validates-as-required\" aria-required=\"true\" aria-invalid=\"false\" name=\"source\"><option value=\"\">&#8212;Please choose an option&#8212;<\/option><option value=\"Recherche Google\">Recherche Google<\/option><option value=\"Salon\">Salon<\/option><option value=\"Bouche \u00e0 oreille\">Bouche \u00e0 oreille<\/option><option value=\"R\u00e9seaux sociaux\">R\u00e9seaux sociaux<\/option><option value=\"Newsletter\">Newsletter<\/option><\/select><\/span> <\/label>\n\t<\/p>\n\t<p><label>Message :<br \/>\n<span class=\"wpcf7-form-control-wrap\" data-name=\"textarea-857\"><textarea cols=\"40\" rows=\"10\" maxlength=\"2000\" class=\"wpcf7-form-control wpcf7-textarea\" aria-invalid=\"false\" name=\"textarea-857\"><\/textarea><\/span><\/label>\n\t<\/p>\n<\/div>\n<div class=\"droite\">\n\t<p>Vous \u00eates d\u00e9j\u00e0 client RB TECHNOLOGIES?\n\t<\/p>\n\t<p><label> MfN\u00b0 pr\u00e9alablement renseign\u00e9 X000<br \/>\n<span class=\"wpcf7-form-control-wrap\" data-name=\"text-mfn\"><input size=\"40\" maxlength=\"400\" class=\"wpcf7-form-control wpcf7-text\" aria-invalid=\"false\" value=\"\" type=\"text\" name=\"text-mfn\" \/><\/span><\/label>\n\t<\/p>\n\t<p><label> R\u00e9f\u00e9rence client<br \/>\n<span class=\"wpcf7-form-control-wrap\" data-name=\"text-ref\"><input size=\"40\" maxlength=\"400\" class=\"wpcf7-form-control wpcf7-text\" aria-invalid=\"false\" value=\"\" type=\"text\" name=\"text-ref\" \/><\/span><\/label>\n\t<\/p>\n\t<p><label> N\u00b0 d'affaire<br \/>\n<span class=\"wpcf7-form-control-wrap\" data-name=\"text-casenum\"><input size=\"40\" maxlength=\"400\" class=\"wpcf7-form-control wpcf7-text\" aria-invalid=\"false\" value=\"\" type=\"text\" name=\"text-casenum\" \/><\/span><\/label>\n\t<\/p>\n\t<p><label> Num\u00e9ro de commande<br \/>\n<span class=\"wpcf7-form-control-wrap\" data-name=\"text-order\"><input size=\"40\" maxlength=\"400\" class=\"wpcf7-form-control wpcf7-text\" aria-invalid=\"false\" value=\"\" type=\"text\" name=\"text-order\" \/><\/span><\/label>\n\t<\/p>\n\t<p><label>Demande de documentation :<br \/>\n<span class=\"wpcf7-form-control-wrap\" data-name=\"checkbox-964\"><span class=\"wpcf7-form-control wpcf7-checkbox\"><span class=\"wpcf7-list-item first\"><input type=\"checkbox\" name=\"checkbox-964[]\" value=\"Documentation\" \/><span class=\"wpcf7-list-item-label\">Documentation<\/span><\/span><span class=\"wpcf7-list-item\"><input type=\"checkbox\" name=\"checkbox-964[]\" value=\"Demande de nomenclature produit RBT34\" \/><span class=\"wpcf7-list-item-label\">Demande de nomenclature produit RBT34<\/span><\/span><span class=\"wpcf7-list-item\"><input type=\"checkbox\" name=\"checkbox-964[]\" value=\"RBT55 \u2013 Sp\u00e9cifications client\" \/><span class=\"wpcf7-list-item-label\">RBT55 \u2013 Sp\u00e9cifications client<\/span><\/span><span class=\"wpcf7-list-item\"><input type=\"checkbox\" name=\"checkbox-964[]\" value=\"Maintenance\" \/><span class=\"wpcf7-list-item-label\">Maintenance<\/span><\/span><span class=\"wpcf7-list-item last\"><input type=\"checkbox\" name=\"checkbox-964[]\" value=\"Demande d&#039;information\" \/><span class=\"wpcf7-list-item-label\">Demande d&#039;information<\/span><\/span><\/span><\/span><br \/>\n<\/label>\n\t<\/p>\n\t<p><span class=\"wpcf7-form-control-wrap\" data-name=\"your-consent\"><span class=\"wpcf7-form-control wpcf7-acceptance\"><span class=\"wpcf7-list-item\"><label><input type=\"checkbox\" name=\"your-consent\" value=\"1\" aria-invalid=\"false\" \/><span class=\"wpcf7-list-item-label\">En utilisant ce formulaire, j'accepte le traitement de mes donn\u00e9es par ce site Web.<\/span><\/label><\/span><\/span><\/span>\n\t<\/p>\n\t<p><span class=\"wpcf7-form-control-wrap\" data-name=\"quiz-214\"><label><span class=\"wpcf7-quiz-label\">Combien font 2+3<\/span> <input size=\"40\" class=\"wpcf7-form-control wpcf7-quiz\" autocomplete=\"off\" aria-required=\"true\" aria-invalid=\"false\" type=\"text\" name=\"quiz-214\" \/><\/label><input type=\"hidden\" name=\"_wpcf7_quiz_answer_quiz-214\" value=\"a1bc19d4bffbe5da2b52aedf807a3c7b\" \/><\/span>\n\t<\/p>\n\t<p><input class=\"wpcf7-form-control wpcf7-submit has-spinner\" type=\"submit\" value=\"Envoyer\" \/>\n\t<\/p>\n<\/div><div class=\"wpcf7-response-output\" aria-hidden=\"true\"><\/div>\n<\/form>\n<\/div>\n[vc_empty_space][\/vc_column][\/vc_row][vc_row full_width=\u00a0\u00bbstretch_row\u00a0\u00bb el_class=\u00a0\u00bbfond-courbe-deux\u00a0\u00bb][vc_column][vc_gmaps link=\u00a0\u00bb#E-8_JTNDaWZyYW1lJTIwc3JjJTNEJTIyaHR0cHMlM0ElMkYlMkZ3d3cuZ29vZ2xlLmNvbSUyRm1hcHMlMkZlbWJlZCUzRnBiJTNEJTIxMW0xNCUyMTFtOCUyMTFtMyUyMTFkMjc4NC4wOTYyNjYxMTE4OTQyJTIxMmQ0Ljc1NjA3NCUyMTNkNDUuNzQ5MjE2JTIxM20yJTIxMWkxMDI0JTIxMmk3NjglMjE0ZjEzLjElMjEzbTMlMjExbTIlMjExczB4NDdmNGVjNDc0MWVhMDljMSUyNTNBMHhjZDIwZWU4NjBmNGUwMDNjJTIxMnNDaGVtLiUyNTIwZHUlMjUyMFRvcmV5JTI1MkMlMjUyMDY5MzQwJTI1MjBGcmFuY2hldmlsbGUlMjE1ZTAlMjEzbTIlMjExc2VuJTIxMnNmciUyMTR2MTcxNTk1MzU1ODc0MiUyMTVtMiUyMTFzZW4lMjEyc2ZyJTIyJTIwd2lkdGglM0QlMjIxMjAwJTIyJTIwaGVpZ2h0JTNEJTIyNDAwJTIyJTIwc3R5bGUlM0QlMjJib3JkZXIlM0EwJTNCJTIyJTIwYWxsb3dmdWxsc2NyZWVuJTNEJTIyJTIyJTIwbG9hZGluZyUzRCUyMmxhenklMjIlMjByZWZlcnJlcnBvbGljeSUzRCUyMm5vLXJlZmVycmVyLXdoZW4tZG93bmdyYWRlJTIyJTNFJTNDJTJGaWZyYW1lJTNF\u00a0\u00bb][\/vc_column][\/vc_row]<\/p>\n<\/div>","protected":false},"excerpt":{"rendered":"<p>[vc_row full_width=\u00a0\u00bbstretch_row\u00a0\u00bb el_class=\u00a0\u00bbfond-courbe-un fond-courbe-un-grand\u00a0\u00bb][vc_column][vc_empty_space][\/vc_column][\/vc_row][vc_row full_width=\u00a0\u00bbstretch_row\u00a0\u00bb el_class=\u00a0\u00bbfond-courbe-deux\u00a0\u00bb][vc_column][vc_gmaps link=\u00a0\u00bb#E-8_JTNDaWZyYW1lJTIwc3JjJTNEJTIyaHR0cHMlM0ElMkYlMkZ3d3cuZ29vZ2xlLmNvbSUyRm1hcHMlMkZlbWJlZCUzRnBiJTNEJTIxMW0xNCUyMTFtOCUyMTFtMyUyMTFkMjc4NC4wOTYyNjYxMTE4OTQyJTIxMmQ0Ljc1NjA3NCUyMTNkNDUuNzQ5MjE2JTIxM20yJTIxMWkxMDI0JTIxMmk3NjglMjE0ZjEzLjElMjEzbTMlMjExbTIlMjExczB4NDdmNGVjNDc0MWVhMDljMSUyNTNBMHhjZDIwZWU4NjBmNGUwMDNjJTIxMnNDaGVtLiUyNTIwZHUlMjUyMFRvcmV5JTI1MkMlMjUyMDY5MzQwJTI1MjBGcmFuY2hldmlsbGUlMjE1ZTAlMjEzbTIlMjExc2VuJTIxMnNmciUyMTR2MTcxNTk1MzU1ODc0MiUyMTVtMiUyMTFzZW4lMjEyc2ZyJTIyJTIwd2lkdGglM0QlMjIxMjAwJTIyJTIwaGVpZ2h0JTNEJTIyNDAwJTIyJTIwc3R5bGUlM0QlMjJib3JkZXIlM0EwJTNCJTIyJTIwYWxsb3dmdWxsc2NyZWVuJTNEJTIyJTIyJTIwbG9hZGluZyUzRCUyMmxhenklMjIlMjByZWZlcnJlcnBvbGljeSUzRCUyMm5vLXJlZmVycmVyLXdoZW4tZG93bmdyYWRlJTIyJTNFJTNDJTJGaWZyYW1lJTNF\u00a0\u00bb][\/vc_column][\/vc_row]<\/p>\n","protected":false},"author":1,"featured_media":0,"parent":0,"menu_order":0,"comment_status":"closed","ping_status":"closed","template":"","meta":{"footnotes":""},"class_list":["post-444","page","type-page","status-publish","hentry"],"yoast_head":"<!-- This site is optimized with the Yoast SEO plugin v26.8 - https:\/\/yoast.com\/product\/yoast-seo-wordpress\/ -->\n<title>Devis analyseur combustion, pi\u00e8ce d\u00e9tach\u00e9e analyseur O2<\/title>\n<meta name=\"description\" content=\"Contactez RB Technologies pour vos besoins en ananlyseurs de combustion industriels.\" \/>\n<meta name=\"robots\" content=\"index, follow, max-snippet:-1, max-image-preview:large, max-video-preview:-1\" \/>\n<link rel=\"canonical\" href=\"https:\/\/www.rb-technologies.com\/fr\/contact\/\" \/>\n<meta property=\"og:locale\" content=\"fr_FR\" \/>\n<meta property=\"og:type\" content=\"article\" \/>\n<meta property=\"og:title\" content=\"Devis analyseur combustion, pi\u00e8ce d\u00e9tach\u00e9e analyseur O2\" \/>\n<meta property=\"og:description\" content=\"Contactez RB Technologies pour vos besoins en ananlyseurs de combustion industriels.\" \/>\n<meta property=\"og:url\" content=\"https:\/\/www.rb-technologies.com\/fr\/contact\/\" \/>\n<meta property=\"og:site_name\" content=\"rb-technologies.com\" \/>\n<meta property=\"article:modified_time\" content=\"2024-06-07T08:04:36+00:00\" \/>\n<meta name=\"twitter:card\" content=\"summary_large_image\" \/>\n<meta name=\"twitter:label1\" content=\"Dur\u00e9e de lecture estim\u00e9e\" \/>\n\t<meta name=\"twitter:data1\" content=\"1 minute\" \/>\n<script type=\"application\/ld+json\" class=\"yoast-schema-graph\">{\"@context\":\"https:\/\/schema.org\",\"@graph\":[{\"@type\":\"WebPage\",\"@id\":\"https:\/\/www.rb-technologies.com\/fr\/contact\/\",\"url\":\"https:\/\/www.rb-technologies.com\/fr\/contact\/\",\"name\":\"Devis analyseur combustion, pi\u00e8ce d\u00e9tach\u00e9e analyseur O2\",\"isPartOf\":{\"@id\":\"https:\/\/www.rb-technologies.com\/fr\/#website\"},\"datePublished\":\"2024-04-17T14:13:24+00:00\",\"dateModified\":\"2024-06-07T08:04:36+00:00\",\"description\":\"Contactez RB Technologies pour vos besoins en ananlyseurs de combustion industriels.\",\"breadcrumb\":{\"@id\":\"https:\/\/www.rb-technologies.com\/fr\/contact\/#breadcrumb\"},\"inLanguage\":\"fr-FR\",\"potentialAction\":[{\"@type\":\"ReadAction\",\"target\":[\"https:\/\/www.rb-technologies.com\/fr\/contact\/\"]}]},{\"@type\":\"BreadcrumbList\",\"@id\":\"https:\/\/www.rb-technologies.com\/fr\/contact\/#breadcrumb\",\"itemListElement\":[{\"@type\":\"ListItem\",\"position\":1,\"name\":\"Home\",\"item\":\"https:\/\/www.rb-technologies.com\/fr\/\"},{\"@type\":\"ListItem\",\"position\":2,\"name\":\"Contact\"}]},{\"@type\":\"WebSite\",\"@id\":\"https:\/\/www.rb-technologies.com\/fr\/#website\",\"url\":\"https:\/\/www.rb-technologies.com\/fr\/\",\"name\":\"rb-technologies.com\",\"description\":\"\",\"potentialAction\":[{\"@type\":\"SearchAction\",\"target\":{\"@type\":\"EntryPoint\",\"urlTemplate\":\"https:\/\/www.rb-technologies.com\/fr\/?s={search_term_string}\"},\"query-input\":{\"@type\":\"PropertyValueSpecification\",\"valueRequired\":true,\"valueName\":\"search_term_string\"}}],\"inLanguage\":\"fr-FR\"}]}<\/script>\n<!-- \/ Yoast SEO plugin. -->","yoast_head_json":{"title":"Devis analyseur combustion, pi\u00e8ce d\u00e9tach\u00e9e analyseur O2","description":"Contactez RB Technologies pour vos besoins en ananlyseurs de combustion industriels.","robots":{"index":"index","follow":"follow","max-snippet":"max-snippet:-1","max-image-preview":"max-image-preview:large","max-video-preview":"max-video-preview:-1"},"canonical":"https:\/\/www.rb-technologies.com\/fr\/contact\/","og_locale":"fr_FR","og_type":"article","og_title":"Devis analyseur combustion, pi\u00e8ce d\u00e9tach\u00e9e analyseur O2","og_description":"Contactez RB Technologies pour vos besoins en ananlyseurs de combustion industriels.","og_url":"https:\/\/www.rb-technologies.com\/fr\/contact\/","og_site_name":"rb-technologies.com","article_modified_time":"2024-06-07T08:04:36+00:00","twitter_card":"summary_large_image","twitter_misc":{"Dur\u00e9e de lecture estim\u00e9e":"1 minute"},"schema":{"@context":"https:\/\/schema.org","@graph":[{"@type":"WebPage","@id":"https:\/\/www.rb-technologies.com\/fr\/contact\/","url":"https:\/\/www.rb-technologies.com\/fr\/contact\/","name":"Devis analyseur combustion, pi\u00e8ce d\u00e9tach\u00e9e analyseur O2","isPartOf":{"@id":"https:\/\/www.rb-technologies.com\/fr\/#website"},"datePublished":"2024-04-17T14:13:24+00:00","dateModified":"2024-06-07T08:04:36+00:00","description":"Contactez RB Technologies pour vos besoins en ananlyseurs de combustion industriels.","breadcrumb":{"@id":"https:\/\/www.rb-technologies.com\/fr\/contact\/#breadcrumb"},"inLanguage":"fr-FR","potentialAction":[{"@type":"ReadAction","target":["https:\/\/www.rb-technologies.com\/fr\/contact\/"]}]},{"@type":"BreadcrumbList","@id":"https:\/\/www.rb-technologies.com\/fr\/contact\/#breadcrumb","itemListElement":[{"@type":"ListItem","position":1,"name":"Home","item":"https:\/\/www.rb-technologies.com\/fr\/"},{"@type":"ListItem","position":2,"name":"Contact"}]},{"@type":"WebSite","@id":"https:\/\/www.rb-technologies.com\/fr\/#website","url":"https:\/\/www.rb-technologies.com\/fr\/","name":"rb-technologies.com","description":"","potentialAction":[{"@type":"SearchAction","target":{"@type":"EntryPoint","urlTemplate":"https:\/\/www.rb-technologies.com\/fr\/?s={search_term_string}"},"query-input":{"@type":"PropertyValueSpecification","valueRequired":true,"valueName":"search_term_string"}}],"inLanguage":"fr-FR"}]}},"jetpack_sharing_enabled":true,"_links":{"self":[{"href":"https:\/\/www.rb-technologies.com\/fr\/wp-json\/wp\/v2\/pages\/444","targetHints":{"allow":["GET"]}}],"collection":[{"href":"https:\/\/www.rb-technologies.com\/fr\/wp-json\/wp\/v2\/pages"}],"about":[{"href":"https:\/\/www.rb-technologies.com\/fr\/wp-json\/wp\/v2\/types\/page"}],"author":[{"embeddable":true,"href":"https:\/\/www.rb-technologies.com\/fr\/wp-json\/wp\/v2\/users\/1"}],"replies":[{"embeddable":true,"href":"https:\/\/www.rb-technologies.com\/fr\/wp-json\/wp\/v2\/comments?post=444"}],"version-history":[{"count":5,"href":"https:\/\/www.rb-technologies.com\/fr\/wp-json\/wp\/v2\/pages\/444\/revisions"}],"predecessor-version":[{"id":650,"href":"https:\/\/www.rb-technologies.com\/fr\/wp-json\/wp\/v2\/pages\/444\/revisions\/650"}],"wp:attachment":[{"href":"https:\/\/www.rb-technologies.com\/fr\/wp-json\/wp\/v2\/media?parent=444"}],"curies":[{"name":"wp","href":"https:\/\/api.w.org\/{rel}","templated":true}]}}