{"id":445,"date":"2024-04-17T16:13:02","date_gmt":"2024-04-17T14:13:02","guid":{"rendered":"https:\/\/rb-technologies.com\/devis-analyseur\/"},"modified":"2024-06-06T10:19:16","modified_gmt":"2024-06-06T08:19:16","slug":"demande-de-devis-analyseur","status":"publish","type":"page","link":"https:\/\/www.rb-technologies.com\/fr\/demande-de-devis-analyseur\/","title":{"rendered":"Devis Analyseur"},"content":{"rendered":"<div class=\"wpb-content-wrapper\"><p>[vc_row full_width=\u00a0\u00bbstretch_row\u00a0\u00bb el_class=\u00a0\u00bbfond-courbe-un fond-courbe-un-grand\u00a0\u00bb][vc_column][vc_empty_space height=\u00a0\u00bb100px\u00a0\u00bb][vc_column_text]<\/p>\n<h3 style=\"text-align: left;\">Vous avez un projet d&rsquo;analyse de combustion, veuillez remplir le formulaire ci-dessous :<\/h3>\n<p>[\/vc_column_text][\/vc_column][\/vc_row][vc_row full_width=\u00a0\u00bbstretch_row\u00a0\u00bb][vc_column]\n<div class=\"wpcf7 no-js\" id=\"wpcf7-f304-o1\" lang=\"en-US\" dir=\"ltr\" data-wpcf7-id=\"304\">\n<div class=\"screen-reader-response\"><p role=\"status\" aria-live=\"polite\" aria-atomic=\"true\"><\/p> <ul><\/ul><\/div>\n<form action=\"\/fr\/wp-json\/wp\/v2\/pages\/445#wpcf7-f304-o1\" method=\"post\" class=\"wpcf7-form init\" aria-label=\"Contact form\" enctype=\"multipart\/form-data\" novalidate=\"novalidate\" data-status=\"init\">\n<fieldset class=\"hidden-fields-container\"><input type=\"hidden\" name=\"_wpcf7\" value=\"304\" \/><input type=\"hidden\" name=\"_wpcf7_version\" value=\"6.1.5\" \/><input type=\"hidden\" name=\"_wpcf7_locale\" value=\"en_US\" \/><input type=\"hidden\" name=\"_wpcf7_unit_tag\" value=\"wpcf7-f304-o1\" \/><input type=\"hidden\" name=\"_wpcf7_container_post\" value=\"0\" \/><input type=\"hidden\" name=\"_wpcf7_posted_data_hash\" value=\"\" \/><input type=\"hidden\" name=\"_wpcf7cf_hidden_group_fields\" value=\"[]\" \/><input type=\"hidden\" name=\"_wpcf7cf_hidden_groups\" value=\"[]\" \/><input type=\"hidden\" name=\"_wpcf7cf_visible_groups\" value=\"[]\" \/><input type=\"hidden\" name=\"_wpcf7cf_repeaters\" value=\"[]\" \/><input type=\"hidden\" name=\"_wpcf7cf_steps\" value=\"{}\" \/><input type=\"hidden\" name=\"_wpcf7cf_options\" value=\"{&quot;form_id&quot;:304,&quot;conditions&quot;:[],&quot;settings&quot;:{&quot;animation&quot;:&quot;no&quot;,&quot;animation_intime&quot;:&quot;200&quot;,&quot;animation_outtime&quot;:&quot;200&quot;,&quot;conditions_ui&quot;:&quot;normal&quot;,&quot;notice_dismissed&quot;:&quot;&quot;}}\" \/>\n<\/fieldset>\n<div class=\"gauche\">\n <!-- Fichier technique -->\n\t<p><label>Si vous avez d\u00e9j\u00e0 une fiche technique, veuillez l'envoyer ici :<\/label><br \/>\n<span class=\"wpcf7-form-control-wrap\" data-name=\"file-fichier\"><input size=\"40\" class=\"wpcf7-form-control wpcf7-file\" accept=\".pdf,.jpg,.png,.docx\" aria-invalid=\"false\" type=\"file\" name=\"file-fichier\" \/><\/span>\n\t<\/p>\n\n <!-- Circonstances du projet -->\n\t<p><label>Circonstances de votre projet :<\/label><br \/>\n<span class=\"wpcf7-form-control-wrap\" data-name=\"project\"><span class=\"wpcf7-form-control wpcf7-checkbox\"><span class=\"wpcf7-list-item first\"><input type=\"checkbox\" name=\"project[]\" value=\"Nouveau syst\u00e8me\" \/><span class=\"wpcf7-list-item-label\">Nouveau syst\u00e8me<\/span><\/span><span class=\"wpcf7-list-item\"><input type=\"checkbox\" name=\"project[]\" value=\"Remplacement\" \/><span class=\"wpcf7-list-item-label\">Remplacement<\/span><\/span><span class=\"wpcf7-list-item\"><input type=\"checkbox\" name=\"project[]\" value=\"Pi\u00e8ces d\u00e9tach\u00e9es\" \/><span class=\"wpcf7-list-item-label\">Pi\u00e8ces d\u00e9tach\u00e9es<\/span><\/span><span class=\"wpcf7-list-item last\"><input type=\"checkbox\" name=\"project[]\" value=\"Consommable\" \/><span class=\"wpcf7-list-item-label\">Consommable<\/span><\/span><\/span><\/span>\n\t<\/p>\n\n <!-- Type de produit -->\n\t<p><label>Type de produit :<\/label><br \/>\n<span class=\"wpcf7-form-control-wrap\" data-name=\"product\"><span class=\"wpcf7-form-control wpcf7-checkbox\"><span class=\"wpcf7-list-item first\"><input type=\"checkbox\" name=\"product[]\" value=\"Atex O2\" \/><span class=\"wpcf7-list-item-label\">Atex O2<\/span><\/span><span class=\"wpcf7-list-item last\"><input type=\"checkbox\" name=\"product[]\" value=\"Atex O2+COe\" \/><span class=\"wpcf7-list-item-label\">Atex O2+COe<\/span><\/span><\/span><\/span>\n\t<\/p>\n\n <!-- Quantit\u00e9 -->\n\t<p><label>Quantit\u00e9 :<\/label><br \/>\n<span class=\"wpcf7-form-control-wrap\" data-name=\"text-quantity\"><input size=\"40\" maxlength=\"400\" class=\"wpcf7-form-control wpcf7-text\" aria-invalid=\"false\" value=\"\" type=\"text\" name=\"text-quantity\" \/><\/span>\n\t<\/p>\n\n <!-- Communication -->\n\t<p><label>Communication :<\/label><br \/>\n<span class=\"wpcf7-form-control-wrap\" data-name=\"communication\"><span class=\"wpcf7-form-control wpcf7-checkbox\"><span class=\"wpcf7-list-item first\"><input type=\"checkbox\" name=\"communication[]\" value=\"Analog Output 4-20 mA\" \/><span class=\"wpcf7-list-item-label\">Analog Output 4-20 mA<\/span><\/span><span class=\"wpcf7-list-item\"><input type=\"checkbox\" name=\"communication[]\" value=\"Contact\" \/><span class=\"wpcf7-list-item-label\">Contact<\/span><\/span><span class=\"wpcf7-list-item last\"><input type=\"checkbox\" name=\"communication[]\" value=\"HART\" \/><span class=\"wpcf7-list-item-label\">HART<\/span><\/span><\/span><\/span>\n\t<\/p>\n\n <!-- Classification Zone Ex -->\n\t<p><label>Classification Zone Ex - Probe :<\/label><br \/>\n<span class=\"wpcf7-form-control-wrap\" data-name=\"probe\"><select class=\"wpcf7-form-control wpcf7-select\" aria-invalid=\"false\" name=\"probe\"><option value=\"\">&#8212;Please choose an option&#8212;<\/option><option value=\"Zone 1\">Zone 1<\/option><option value=\"Zone 2\">Zone 2<\/option><\/select><\/span>\n\t<\/p>\n\t<p><label>Classification Zone Ex - Converter :<\/label><br \/>\n<span class=\"wpcf7-form-control-wrap\" data-name=\"converter\"><select class=\"wpcf7-form-control wpcf7-select\" aria-invalid=\"false\" name=\"converter\"><option value=\"\">&#8212;Please choose an option&#8212;<\/option><option value=\"Zone 1\">Zone 1<\/option><option value=\"Zone 2\">Zone 2<\/option><\/select><\/span>\n\t<\/p>\n\n <!-- Temp\u00e9rature ambiante -->\n\t<p><label>Temp\u00e9rature ambiante :<\/label>\n\t<\/p>\n\t<div class=\"inline-fields\">\n\t\t<p>Min. : <span class=\"wpcf7-form-control-wrap\" data-name=\"tempmin\"><input size=\"40\" maxlength=\"400\" class=\"wpcf7-form-control wpcf7-text\" aria-invalid=\"false\" value=\"\" type=\"text\" name=\"tempmin\" \/><\/span><br \/>\nMax. : <span class=\"wpcf7-form-control-wrap\" data-name=\"tempmax\"><input size=\"40\" maxlength=\"400\" class=\"wpcf7-form-control wpcf7-text\" aria-invalid=\"false\" value=\"\" type=\"text\" name=\"tempmax\" \/><\/span>\n\t\t<\/p>\n\t<\/div>\n\n <!-- Temp\u00e9rature du process\/gaz de combustion -->\n\t<p><label>Temp\u00e9rature du process\/gaz de combustion :<\/label>\n\t<\/p>\n\t<div class=\"inline-fields\">\n\t\t<p>Min. : <span class=\"wpcf7-form-control-wrap\" data-name=\"gasmin\"><input size=\"40\" maxlength=\"400\" class=\"wpcf7-form-control wpcf7-text\" aria-invalid=\"false\" value=\"\" type=\"text\" name=\"gasmin\" \/><\/span><br \/>\nNorm. : <span class=\"wpcf7-form-control-wrap\" data-name=\"gasnorm\"><input size=\"40\" maxlength=\"400\" class=\"wpcf7-form-control wpcf7-text\" aria-invalid=\"false\" value=\"\" type=\"text\" name=\"gasnorm\" \/><\/span><br \/>\nMax. : <span class=\"wpcf7-form-control-wrap\" data-name=\"gasmax\"><input size=\"40\" maxlength=\"400\" class=\"wpcf7-form-control wpcf7-text\" aria-invalid=\"false\" value=\"\" type=\"text\" name=\"gasmax\" \/><\/span><br \/>\nDesign : <span class=\"wpcf7-form-control-wrap\" data-name=\"gasdesign\"><input size=\"40\" maxlength=\"400\" class=\"wpcf7-form-control wpcf7-text\" aria-invalid=\"false\" value=\"\" type=\"text\" name=\"gasdesign\" \/><\/span>\n\t\t<\/p>\n\t<\/div>\n\n <!-- Types de fum\u00e9e -->\n\t<p><label>Types de fum\u00e9e :<\/label><br \/>\n<span class=\"wpcf7-form-control-wrap\" data-name=\"types-smoke\"><span class=\"wpcf7-form-control wpcf7-checkbox\"><span class=\"wpcf7-list-item first\"><input type=\"checkbox\" name=\"types-smoke[]\" value=\"Non-corrosive et non poussi\u00e9reux\" \/><span class=\"wpcf7-list-item-label\">Non-corrosive et non poussi\u00e9reux<\/span><\/span><span class=\"wpcf7-list-item\"><input type=\"checkbox\" name=\"types-smoke[]\" value=\"Corrosif\" \/><span class=\"wpcf7-list-item-label\">Corrosif<\/span><\/span><span class=\"wpcf7-list-item\"><input type=\"checkbox\" name=\"types-smoke[]\" value=\"Poussi\u00e9reux\" \/><span class=\"wpcf7-list-item-label\">Poussi\u00e9reux<\/span><\/span><span class=\"wpcf7-list-item last\"><input type=\"checkbox\" name=\"types-smoke[]\" value=\"Autre\" \/><span class=\"wpcf7-list-item-label\">Autre<\/span><\/span><\/span><\/span>\n\t<\/p>\n\n <!-- Types de carburant -->\n\t<p><label>Types de carburant :<\/label><br \/>\n<span class=\"wpcf7-form-control-wrap\" data-name=\"checkbox-960\"><span class=\"wpcf7-form-control wpcf7-checkbox\"><span class=\"wpcf7-list-item first\"><input type=\"checkbox\" name=\"checkbox-960[]\" value=\"Gaz naturel\/Gaz combustible\" \/><span class=\"wpcf7-list-item-label\">Gaz naturel\/Gaz combustible<\/span><\/span><span class=\"wpcf7-list-item\"><input type=\"checkbox\" name=\"checkbox-960[]\" value=\"P\u00e9trole brut\/ P\u00e9trole raffinerie\" \/><span class=\"wpcf7-list-item-label\">P\u00e9trole brut\/ P\u00e9trole raffinerie<\/span><\/span><span class=\"wpcf7-list-item\"><input type=\"checkbox\" name=\"checkbox-960[]\" value=\"Charbon\" \/><span class=\"wpcf7-list-item-label\">Charbon<\/span><\/span><span class=\"wpcf7-list-item\"><input type=\"checkbox\" name=\"checkbox-960[]\" value=\"Biomass\" \/><span class=\"wpcf7-list-item-label\">Biomass<\/span><\/span><span class=\"wpcf7-list-item\"><input type=\"checkbox\" name=\"checkbox-960[]\" value=\"Incinerateur\" \/><span class=\"wpcf7-list-item-label\">Incinerateur<\/span><\/span><span class=\"wpcf7-list-item last\"><input type=\"checkbox\" name=\"checkbox-960[]\" value=\"Autre\" \/><span class=\"wpcf7-list-item-label\">Autre<\/span><\/span><\/span><\/span>\n\t<\/p>\n\n <!-- Dimensions du conduit -->\n\t<p><label>Dimensions du conduit :<\/label><br \/>\n<span class=\"wpcf7-form-control-wrap\" data-name=\"text-dimension\"><input size=\"40\" maxlength=\"400\" class=\"wpcf7-form-control wpcf7-text\" aria-invalid=\"false\" value=\"\" type=\"text\" name=\"text-dimension\" \/><\/span>\n\t<\/p>\n<\/div>\n<div class=\"droite\">\n <!-- Informations obligatoires -->\n\t<p><label>Nom* :<\/label><br \/>\n<span class=\"wpcf7-form-control-wrap\" data-name=\"text-nom\"><input size=\"40\" maxlength=\"400\" class=\"wpcf7-form-control wpcf7-text wpcf7-validates-as-required\" aria-required=\"true\" aria-invalid=\"false\" value=\"\" type=\"text\" name=\"text-nom\" \/><\/span>\n\t<\/p>\n\t<p><label>Soci\u00e9t\u00e9* :<\/label><br \/>\n<span class=\"wpcf7-form-control-wrap\" data-name=\"text-societe\"><input size=\"40\" maxlength=\"400\" class=\"wpcf7-form-control wpcf7-text wpcf7-validates-as-required\" aria-required=\"true\" aria-invalid=\"false\" value=\"\" type=\"text\" name=\"text-societe\" \/><\/span>\n\t<\/p>\n\t<p><label>Adresse* :<\/label><br \/>\n<span class=\"wpcf7-form-control-wrap\" data-name=\"text-adresse\"><input size=\"40\" maxlength=\"400\" class=\"wpcf7-form-control wpcf7-text wpcf7-validates-as-required\" aria-required=\"true\" aria-invalid=\"false\" value=\"\" type=\"text\" name=\"text-adresse\" \/><\/span>\n\t<\/p>\n\t<p><label>E-mail* :<\/label><br \/>\n<span class=\"wpcf7-form-control-wrap\" data-name=\"email-794\"><input size=\"40\" maxlength=\"400\" class=\"wpcf7-form-control wpcf7-email wpcf7-validates-as-required wpcf7-text wpcf7-validates-as-email\" aria-required=\"true\" aria-invalid=\"false\" value=\"\" type=\"email\" name=\"email-794\" \/><\/span>\n\t<\/p>\n\t<p><label>T\u00e9l\u00e9phone* :<\/label><br \/>\n<span class=\"wpcf7-form-control-wrap\" data-name=\"tel-769\"><input size=\"40\" maxlength=\"400\" class=\"wpcf7-form-control wpcf7-tel wpcf7-validates-as-required wpcf7-text wpcf7-validates-as-tel\" aria-required=\"true\" aria-invalid=\"false\" value=\"\" type=\"tel\" name=\"tel-769\" \/><\/span>\n\t<\/p>\n\n <!-- Commentaire -->\n\t<p><label>Commentaire :<\/label><br \/>\n<span class=\"wpcf7-form-control-wrap\" data-name=\"textarea-473\"><textarea cols=\"40\" rows=\"10\" maxlength=\"2000\" class=\"wpcf7-form-control wpcf7-textarea\" aria-invalid=\"false\" name=\"textarea-473\"><\/textarea><\/span>\n\t<\/p>\n\n <!-- Honeypot -->\n\t<p><span id=\"wpcf7-69d4d2bc7b68e-wrapper\" class=\"wpcf7-form-control-wrap honeypot-465-wrap\" style=\"display:none !important; visibility:hidden !important;\"><label for=\"wpcf7-69d4d2bc7b68e-field\" class=\"hp-message\">Please leave this field empty.<\/label><input id=\"wpcf7-69d4d2bc7b68e-field\"  class=\"wpcf7-form-control wpcf7-text\" type=\"text\" name=\"honeypot-465\" value=\"\" size=\"40\" tabindex=\"-1\" autocomplete=\"new-password\" \/><\/span>\n\t<\/p>\n\n <!-- Quiz -->\n\t<p><label>Quiz :<\/label><br \/>\n<span class=\"wpcf7-form-control-wrap\" data-name=\"quiz-701\"><label><span class=\"wpcf7-quiz-label\">Combien font 5+2<\/span> <input size=\"40\" class=\"wpcf7-form-control wpcf7-quiz\" autocomplete=\"off\" aria-required=\"true\" aria-invalid=\"false\" type=\"text\" name=\"quiz-701\" \/><\/label><input type=\"hidden\" name=\"_wpcf7_quiz_answer_quiz-701\" value=\"736ae210e52e3011e24fc6d5c34ff04d\" \/><\/span>\n\t<\/p>\n\n <!-- Bouton d'envoi -->\n\t<p><input class=\"wpcf7-form-control wpcf7-submit has-spinner\" type=\"submit\" value=\"Envoyer\" \/>\n\t<\/p>\n<\/div><div class=\"wpcf7-response-output\" aria-hidden=\"true\"><\/div>\n<\/form>\n<\/div>\n[vc_empty_space][\/vc_column][\/vc_row]<\/p>\n<\/div>","protected":false},"excerpt":{"rendered":"<p>[vc_row full_width=\u00a0\u00bbstretch_row\u00a0\u00bb el_class=\u00a0\u00bbfond-courbe-un fond-courbe-un-grand\u00a0\u00bb][vc_column][vc_empty_space height=\u00a0\u00bb100px\u00a0\u00bb][vc_column_text] Vous avez un projet d&rsquo;analyse de combustion, veuillez remplir le formulaire ci-dessous : [\/vc_column_text][\/vc_column][\/vc_row][vc_row full_width=\u00a0\u00bbstretch_row\u00a0\u00bb][vc_column][vc_empty_space][\/vc_column][\/vc_row]<\/p>\n","protected":false},"author":1,"featured_media":0,"parent":0,"menu_order":0,"comment_status":"closed","ping_status":"closed","template":"","meta":{"footnotes":""},"class_list":["post-445","page","type-page","status-publish","hentry"],"yoast_head":"<!-- This site is optimized with the Yoast SEO plugin v26.8 - https:\/\/yoast.com\/product\/yoast-seo-wordpress\/ -->\n<title>Analyseur de combustion d&#039;oxyg\u00e8ne, CO2, CO, demande de devis<\/title>\n<meta name=\"description\" content=\"Vous souhaitez obtenir un devis pour un analyseur de combustion ? Contactez-nous pour en savoir plus !\" \/>\n<meta name=\"robots\" content=\"index, follow, max-snippet:-1, max-image-preview:large, max-video-preview:-1\" \/>\n<link rel=\"canonical\" href=\"https:\/\/www.rb-technologies.com\/fr\/demande-de-devis-analyseur\/\" \/>\n<meta property=\"og:locale\" content=\"fr_FR\" \/>\n<meta property=\"og:type\" content=\"article\" \/>\n<meta property=\"og:title\" content=\"Analyseur de combustion d&#039;oxyg\u00e8ne, CO2, CO, demande de devis\" \/>\n<meta property=\"og:description\" content=\"Vous souhaitez obtenir un devis pour un analyseur de combustion ? Contactez-nous pour en savoir plus !\" \/>\n<meta property=\"og:url\" content=\"https:\/\/www.rb-technologies.com\/fr\/demande-de-devis-analyseur\/\" \/>\n<meta property=\"og:site_name\" content=\"rb-technologies.com\" \/>\n<meta property=\"article:modified_time\" content=\"2024-06-06T08:19:16+00:00\" \/>\n<meta name=\"twitter:card\" content=\"summary_large_image\" \/>\n<meta name=\"twitter:label1\" content=\"Dur\u00e9e de lecture estim\u00e9e\" \/>\n\t<meta name=\"twitter:data1\" content=\"1 minute\" \/>\n<script type=\"application\/ld+json\" class=\"yoast-schema-graph\">{\"@context\":\"https:\/\/schema.org\",\"@graph\":[{\"@type\":\"WebPage\",\"@id\":\"https:\/\/www.rb-technologies.com\/fr\/demande-de-devis-analyseur\/\",\"url\":\"https:\/\/www.rb-technologies.com\/fr\/demande-de-devis-analyseur\/\",\"name\":\"Analyseur de combustion d'oxyg\u00e8ne, CO2, CO, demande de devis\",\"isPartOf\":{\"@id\":\"https:\/\/www.rb-technologies.com\/fr\/#website\"},\"datePublished\":\"2024-04-17T14:13:02+00:00\",\"dateModified\":\"2024-06-06T08:19:16+00:00\",\"description\":\"Vous souhaitez obtenir un devis pour un analyseur de combustion ? Contactez-nous pour en savoir plus !\",\"breadcrumb\":{\"@id\":\"https:\/\/www.rb-technologies.com\/fr\/demande-de-devis-analyseur\/#breadcrumb\"},\"inLanguage\":\"fr-FR\",\"potentialAction\":[{\"@type\":\"ReadAction\",\"target\":[\"https:\/\/www.rb-technologies.com\/fr\/demande-de-devis-analyseur\/\"]}]},{\"@type\":\"BreadcrumbList\",\"@id\":\"https:\/\/www.rb-technologies.com\/fr\/demande-de-devis-analyseur\/#breadcrumb\",\"itemListElement\":[{\"@type\":\"ListItem\",\"position\":1,\"name\":\"Home\",\"item\":\"https:\/\/www.rb-technologies.com\/fr\/\"},{\"@type\":\"ListItem\",\"position\":2,\"name\":\"Devis Analyseur\"}]},{\"@type\":\"WebSite\",\"@id\":\"https:\/\/www.rb-technologies.com\/fr\/#website\",\"url\":\"https:\/\/www.rb-technologies.com\/fr\/\",\"name\":\"rb-technologies.com\",\"description\":\"\",\"potentialAction\":[{\"@type\":\"SearchAction\",\"target\":{\"@type\":\"EntryPoint\",\"urlTemplate\":\"https:\/\/www.rb-technologies.com\/fr\/?s={search_term_string}\"},\"query-input\":{\"@type\":\"PropertyValueSpecification\",\"valueRequired\":true,\"valueName\":\"search_term_string\"}}],\"inLanguage\":\"fr-FR\"}]}<\/script>\n<!-- \/ Yoast SEO plugin. -->","yoast_head_json":{"title":"Analyseur de combustion d'oxyg\u00e8ne, CO2, CO, demande de devis","description":"Vous souhaitez obtenir un devis pour un analyseur de combustion ? Contactez-nous pour en savoir plus !","robots":{"index":"index","follow":"follow","max-snippet":"max-snippet:-1","max-image-preview":"max-image-preview:large","max-video-preview":"max-video-preview:-1"},"canonical":"https:\/\/www.rb-technologies.com\/fr\/demande-de-devis-analyseur\/","og_locale":"fr_FR","og_type":"article","og_title":"Analyseur de combustion d'oxyg\u00e8ne, CO2, CO, demande de devis","og_description":"Vous souhaitez obtenir un devis pour un analyseur de combustion ? Contactez-nous pour en savoir plus !","og_url":"https:\/\/www.rb-technologies.com\/fr\/demande-de-devis-analyseur\/","og_site_name":"rb-technologies.com","article_modified_time":"2024-06-06T08:19:16+00:00","twitter_card":"summary_large_image","twitter_misc":{"Dur\u00e9e de lecture estim\u00e9e":"1 minute"},"schema":{"@context":"https:\/\/schema.org","@graph":[{"@type":"WebPage","@id":"https:\/\/www.rb-technologies.com\/fr\/demande-de-devis-analyseur\/","url":"https:\/\/www.rb-technologies.com\/fr\/demande-de-devis-analyseur\/","name":"Analyseur de combustion d'oxyg\u00e8ne, CO2, CO, demande de devis","isPartOf":{"@id":"https:\/\/www.rb-technologies.com\/fr\/#website"},"datePublished":"2024-04-17T14:13:02+00:00","dateModified":"2024-06-06T08:19:16+00:00","description":"Vous souhaitez obtenir un devis pour un analyseur de combustion ? Contactez-nous pour en savoir plus !","breadcrumb":{"@id":"https:\/\/www.rb-technologies.com\/fr\/demande-de-devis-analyseur\/#breadcrumb"},"inLanguage":"fr-FR","potentialAction":[{"@type":"ReadAction","target":["https:\/\/www.rb-technologies.com\/fr\/demande-de-devis-analyseur\/"]}]},{"@type":"BreadcrumbList","@id":"https:\/\/www.rb-technologies.com\/fr\/demande-de-devis-analyseur\/#breadcrumb","itemListElement":[{"@type":"ListItem","position":1,"name":"Home","item":"https:\/\/www.rb-technologies.com\/fr\/"},{"@type":"ListItem","position":2,"name":"Devis Analyseur"}]},{"@type":"WebSite","@id":"https:\/\/www.rb-technologies.com\/fr\/#website","url":"https:\/\/www.rb-technologies.com\/fr\/","name":"rb-technologies.com","description":"","potentialAction":[{"@type":"SearchAction","target":{"@type":"EntryPoint","urlTemplate":"https:\/\/www.rb-technologies.com\/fr\/?s={search_term_string}"},"query-input":{"@type":"PropertyValueSpecification","valueRequired":true,"valueName":"search_term_string"}}],"inLanguage":"fr-FR"}]}},"jetpack_sharing_enabled":true,"_links":{"self":[{"href":"https:\/\/www.rb-technologies.com\/fr\/wp-json\/wp\/v2\/pages\/445","targetHints":{"allow":["GET"]}}],"collection":[{"href":"https:\/\/www.rb-technologies.com\/fr\/wp-json\/wp\/v2\/pages"}],"about":[{"href":"https:\/\/www.rb-technologies.com\/fr\/wp-json\/wp\/v2\/types\/page"}],"author":[{"embeddable":true,"href":"https:\/\/www.rb-technologies.com\/fr\/wp-json\/wp\/v2\/users\/1"}],"replies":[{"embeddable":true,"href":"https:\/\/www.rb-technologies.com\/fr\/wp-json\/wp\/v2\/comments?post=445"}],"version-history":[{"count":6,"href":"https:\/\/www.rb-technologies.com\/fr\/wp-json\/wp\/v2\/pages\/445\/revisions"}],"predecessor-version":[{"id":597,"href":"https:\/\/www.rb-technologies.com\/fr\/wp-json\/wp\/v2\/pages\/445\/revisions\/597"}],"wp:attachment":[{"href":"https:\/\/www.rb-technologies.com\/fr\/wp-json\/wp\/v2\/media?parent=445"}],"curies":[{"name":"wp","href":"https:\/\/api.w.org\/{rel}","templated":true}]}}