{"id":448,"date":"2024-04-17T16:12:17","date_gmt":"2024-04-17T14:12:17","guid":{"rendered":"https:\/\/rb-technologies.com\/pieces-detachees\/"},"modified":"2025-01-31T11:39:42","modified_gmt":"2025-01-31T10:39:42","slug":"pieces-detachees","status":"publish","type":"page","link":"https:\/\/www.rb-technologies.com\/fr\/pieces-detachees\/","title":{"rendered":"Pi\u00e8ces d\u00e9tach\u00e9es"},"content":{"rendered":"<div class=\"wpb-content-wrapper\"><p>[vc_row][vc_column][vc_empty_space][\/vc_column][\/vc_row][vc_row full_width=\u00a0\u00bbstretch_row\u00a0\u00bb el_class=\u00a0\u00bbfond-courbe-un\u00a0\u00bb][vc_column][vc_row_inner gap=\u00a0\u00bb20&Prime;][vc_column_inner width=\u00a0\u00bb1\/3&Prime; css=\u00a0\u00bb.vc_custom_1720794574355{background-color: #ffffff !important;border-radius: 35px !important;}\u00a0\u00bb][vc_column_text el_class=\u00a0\u00bbfort h4&Prime;]1. Transmetteurs[\/vc_column_text][vc_single_image image=\u00a0\u00bb215&Prime; img_size=\u00a0\u00bbfull\u00a0\u00bb alignment=\u00a0\u00bbcenter\u00a0\u00bb onclick=\u00a0\u00bbcustom_link\u00a0\u00bb][vc_column_text]Le\u00a0<strong>transmetteur<\/strong>\u00a0est pr\u00e9vu pour \u00eatre install\u00e9 \u00e0 distance de la sonde, sur pied ou panneau. Le\u00a0<strong class=\"d2b\">transmetteur diff\u00e9rentiel<\/strong>\u00a0contr\u00f4le la chauffe et la\u00a0<strong class=\"d2b\">thermor\u00e9gulation de la sonde<\/strong>,\u00a0<strong class=\"d2b\">mesure le signal du capteur<\/strong> et le transforme en concentration d\u2019O2 (%vol) ou d\u2019O2 (%vol) &#8211; COe(ppm) selon l\u2019application. La valeur est affich\u00e9e sur l\u2019\u00e9cran et peut \u00eatre transmise au poste de contr\u00f4le \u00e0 travers un signal 4-20mA.<\/p>\n<p>ATEX O2<br \/>\nATEX O2+COe[\/vc_column_text][\/vc_column_inner][vc_column_inner width=\u00a0\u00bb1\/3&Prime; css=\u00a0\u00bb.vc_custom_1720794583545{background-color: #ffffff !important;border-radius: 35px !important;}\u00a0\u00bb][vc_column_text el_class=\u00a0\u00bbfort h4&Prime;]2. \u00c9lectronique[\/vc_column_text][vc_single_image image=\u00a0\u00bb216&Prime; img_size=\u00a0\u00bbfull\u00a0\u00bb alignment=\u00a0\u00bbcenter\u00a0\u00bb onclick=\u00a0\u00bbcustom_link\u00a0\u00bb][vc_column_text]L<strong>\u2019\u00e9lectronique du transmetteur de pression diff\u00e9rentiel<\/strong>\u00a0peut \u00eatre mise \u00e0 niveau par le\u00a0<strong class=\"d2b\">remplacement de cartes \u00e9lectroniques<\/strong>\u00a0sous forme de kit.<\/p>\n<p>ATEX O2<br \/>\nATEX O2+COe[\/vc_column_text][\/vc_column_inner][vc_column_inner width=\u00a0\u00bb1\/3&Prime; css=\u00a0\u00bb.vc_custom_1720794591274{background-color: #ffffff !important;border-radius: 35px !important;}\u00a0\u00bb][vc_column_text el_class=\u00a0\u00bbfort h4&Prime;]3. Sonde ATEX*[\/vc_column_text][vc_single_image image=\u00a0\u00bb665&Prime; img_size=\u00a0\u00bbfull\u00a0\u00bb alignment=\u00a0\u00bbcenter\u00a0\u00bb onclick=\u00a0\u00bbcustom_link\u00a0\u00bb][vc_column_text]Les\u00a0<strong>sondes atmosph\u00e8re explosibles<\/strong>\u00a0sont certifi\u00e9es ATEX et IECEx. Les\u00a0<strong class=\"d2b\">sondes ATEX<\/strong> sont compatibles avec les\u00a0<strong class=\"d2b\">tubes de d\u00e9viations et transmetteurs<\/strong> RB-Technologies d\u00e9j\u00e0 install\u00e9s, et constituent des pi\u00e8ces de rechange potentielles de toutes les sondes d\u00e9j\u00e0 en service.<\/p>\n<p>ZPF2 O2<br \/>\nZPL2 O2<br \/>\nZPL2 O2+COe[\/vc_column_text][\/vc_column_inner][\/vc_row_inner][vc_empty_space height=\u00a0\u00bb100px\u00a0\u00bb el_class=\u00a0\u00bbespace-100&Prime;][\/vc_column][\/vc_row][vc_row full_width=\u00a0\u00bbstretch_row\u00a0\u00bb][vc_column][vc_row_inner gap=\u00a0\u00bb20&Prime;][vc_column_inner width=\u00a0\u00bb1\/3&Prime; css=\u00a0\u00bb.vc_custom_1713445911035{border-radius: 35px !important;}\u00a0\u00bb][vc_column_text el_class=\u00a0\u00bbfort h4 txt-blanc\u00a0\u00bb]4. Consommables sondes[\/vc_column_text][vc_single_image image=\u00a0\u00bb218&Prime; img_size=\u00a0\u00bbfull\u00a0\u00bb alignment=\u00a0\u00bbcenter\u00a0\u00bb onclick=\u00a0\u00bbcustom_link\u00a0\u00bb][vc_column_text el_class=\u00a0\u00bbtxt-blanc\u00a0\u00bb]Pi\u00e8ces d\u00e9tach\u00e9es et consommables de type :\u00a0<strong class=\"d2b\">nez de sonde<\/strong>\u00a0\u2013\u00a0<strong class=\"d2b\">\u00e9vent pare-flamme<\/strong>\u00a0\u2013\u00a0<strong class=\"d2b\">joints<\/strong>\u00a0\u2013\u00a0<strong class=\"d2b\">filtres<\/strong><\/p>\n<p>Nez ZPF2 et ZPL2<br \/>\nJoints<br \/>\nFiltres[\/vc_column_text][\/vc_column_inner][vc_column_inner width=\u00a0\u00bb1\/3&Prime; css=\u00a0\u00bb.vc_custom_1713445914440{border-radius: 35px !important;}\u00a0\u00bb][vc_column_text el_class=\u00a0\u00bbfort h4 txt-blanc\u00a0\u00bb]5. Bo\u00eetes de jonction[\/vc_column_text][vc_single_image image=\u00a0\u00bb220&Prime; img_size=\u00a0\u00bbfull\u00a0\u00bb alignment=\u00a0\u00bbcenter\u00a0\u00bb onclick=\u00a0\u00bbcustom_link\u00a0\u00bb][vc_column_text el_class=\u00a0\u00bbtxt-blanc\u00a0\u00bb]La\u00a0<strong>bo\u00eete de jonction<\/strong>\u00a0est install\u00e9e si le raccordement sonde \u2013 transmetteur n\u2019est pas possible directement.[\/vc_column_text][\/vc_column_inner][vc_column_inner width=\u00a0\u00bb1\/3&Prime; css=\u00a0\u00bb.vc_custom_1713445918327{border-radius: 35px !important;}\u00a0\u00bb][vc_column_text el_class=\u00a0\u00bbfort h4 txt-blanc\u00a0\u00bb]6. Calibration[\/vc_column_text][vc_single_image image=\u00a0\u00bb217&Prime; img_size=\u00a0\u00bbfull\u00a0\u00bb alignment=\u00a0\u00bbcenter\u00a0\u00bb onclick=\u00a0\u00bbcustom_link\u00a0\u00bb][vc_column_text el_class=\u00a0\u00bbtxt-blanc\u00a0\u00bb]Les gaz \u00e9talons sont envoy\u00e9s vers la sonde depuis la\u00a0<strong>platine de calibration<\/strong>\u00a0situ\u00e9e de pr\u00e9f\u00e9rence \u00e0 proximit\u00e9 du\u00a0<strong class=\"d2b\">transmetteur de pression diff\u00e9rentielle<\/strong>. Les\u00a0<strong class=\"d2b\">platines de calibration<\/strong>\u00a0sont con\u00e7ues sp\u00e9cifiquement pour les analyseurs RB-Technologies.[\/vc_column_text][\/vc_column_inner][\/vc_row_inner][\/vc_column][\/vc_row][vc_row full_width=\u00a0\u00bbstretch_row\u00a0\u00bb][vc_column][vc_row_inner gap=\u00a0\u00bb20&Prime;][vc_column_inner width=\u00a0\u00bb1\/2&Prime; css=\u00a0\u00bb.vc_custom_1713445922817{border-radius: 35px !important;}\u00a0\u00bb][vc_column_text el_class=\u00a0\u00bbfort h4 txt-blanc\u00a0\u00bb]7. C\u00e2ble[\/vc_column_text][vc_single_image image=\u00a0\u00bb223&Prime; img_size=\u00a0\u00bbfull\u00a0\u00bb alignment=\u00a0\u00bbcenter\u00a0\u00bb onclick=\u00a0\u00bbcustom_link\u00a0\u00bb][vc_column_text el_class=\u00a0\u00bbtxt-blanc\u00a0\u00bb]Le\u00a0<strong>c\u00e2ble sp\u00e9cial<\/strong>\u00a0sert \u00e0 raccorder la\u00a0<strong class=\"d2b\">sonde au transmetteur<\/strong>, vendu au m\u00e8tre[\/vc_column_text][\/vc_column_inner][vc_column_inner width=\u00a0\u00bb1\/2&Prime; css=\u00a0\u00bb.vc_custom_1713445926140{border-radius: 35px !important;}\u00a0\u00bb][vc_column_text el_class=\u00a0\u00bbfort h4 txt-blanc\u00a0\u00bb]8. Accessoires tubes\/piquages**[\/vc_column_text][vc_single_image image=\u00a0\u00bb219&Prime; img_size=\u00a0\u00bbfull\u00a0\u00bb alignment=\u00a0\u00bbcenter\u00a0\u00bb onclick=\u00a0\u00bbcustom_link\u00a0\u00bb][vc_column_text el_class=\u00a0\u00bbtxt-blanc\u00a0\u00bb]Chaque\u00a0<strong>tube d\u2019\u00e9chantillonnage<\/strong>\u00a0est fabriqu\u00e9 selon les sp\u00e9cifications de l\u2019unit\u00e9 de combustion sur laquelle il doit \u00eatre install\u00e9 : temp\u00e9rature des fum\u00e9es (mati\u00e8re, design); longueur de plong\u00e9e ; type de bride\u2026[\/vc_column_text][\/vc_column_inner][\/vc_row_inner][\/vc_column][\/vc_row][vc_row full_width=\u00a0\u00bbstretch_row\u00a0\u00bb el_class=\u00a0\u00bbfond-courbe-deux\u00a0\u00bb][vc_column][vc_empty_space height=\u00a0\u00bb60px\u00a0\u00bb el_class=\u00a0\u00bbespace-60&Prime;][vc_column_text el_class=\u00a0\u00bbupper h2 italique habillage-titre habillage-titre-bleu\u00a0\u00bb]Obtenir plus d\u2019informations sur les pi\u00e8ces<span class=\"espace-insec\">\u00a0<\/span><span class=\"mot-habillage-titre\">d\u00e9tach\u00e9es[\/vc_column_text][vc_row_inner][vc_column_inner width=\u00a0\u00bb1\/2&Prime;][vc_column_text]* Nous pouvons diagnostiquer votre sonde ATEX dans notre atelier et \u00e9tablir un devis en cons\u00e9quence<br \/>\n** Pour les accessoires de tubes et piquages, merci de nous fournir vos plans d\u2019origine et\/ou datasheet[\/vc_column_text][vc_btn title=\u00a0\u00bbPi\u00e8ces d\u00e9tach\u00e9es\u00a0\u00bb style=\u00a0\u00bbcustom\u00a0\u00bb custom_background=\u00a0\u00bb#196cb4&Prime; custom_text=\u00a0\u00bb#ffffff\u00a0\u00bb shape=\u00a0\u00bbsquare\u00a0\u00bb align=\u00a0\u00bbcenter\u00a0\u00bb el_class=\u00a0\u00bbbtn-hover-orange btn-devis\u00a0\u00bb link=\u00a0\u00bburl:https%3A%2F%2Fwww.rb-technologies.com%2Ffr%2Fdevis-pieces-detachees%2F|title:Devis%20Pi%C3%A8ces%20d%C3%A9tach%C3%A9es\u00a0\u00bb][\/vc_column_inner][vc_column_inner width=\u00a0\u00bb1\/2&Prime;][vc_single_image image=\u00a0\u00bb81&Prime; img_size=\u00a0\u00bbfull\u00a0\u00bb alignment=\u00a0\u00bbcenter\u00a0\u00bb onclick=\u00a0\u00bbcustom_link\u00a0\u00bb link=\u00a0\u00bb\/pieces-detachees\/\u00a0\u00bb][\/vc_column_inner][\/vc_row_inner][vc_empty_space height=\u00a0\u00bb100px\u00a0\u00bb el_class=\u00a0\u00bbespace-100&Prime;][\/vc_column][\/vc_row][vc_row][vc_column][vc_column_text]<\/span>[\/vc_column_text][\/vc_column][\/vc_row]<\/p>\n<\/div>","protected":false},"excerpt":{"rendered":"<p>[vc_row][vc_column][vc_empty_space][\/vc_column][\/vc_row][vc_row full_width=\u00a0\u00bbstretch_row\u00a0\u00bb el_class=\u00a0\u00bbfond-courbe-un\u00a0\u00bb][vc_column][vc_row_inner gap=\u00a0\u00bb20&Prime;][vc_column_inner width=\u00a0\u00bb1\/3&Prime; css=\u00a0\u00bb.vc_custom_1720794574355{background-color: #ffffff !important;border-radius: 35px !important;}\u00a0\u00bb][vc_column_text el_class=\u00a0\u00bbfort h4&Prime;]1. Transmetteurs[\/vc_column_text][vc_single_image image=\u00a0\u00bb215&Prime; img_size=\u00a0\u00bbfull\u00a0\u00bb alignment=\u00a0\u00bbcenter\u00a0\u00bb onclick=\u00a0\u00bbcustom_link\u00a0\u00bb][vc_column_text]Le\u00a0transmetteur\u00a0est pr\u00e9vu pour \u00eatre install\u00e9 \u00e0 distance de la sonde,<span class=\"excerpt-hellip\"> [\u2026]<\/span><\/p>\n","protected":false},"author":1,"featured_media":0,"parent":0,"menu_order":0,"comment_status":"closed","ping_status":"closed","template":"","meta":{"footnotes":""},"class_list":["post-448","page","type-page","status-publish","hentry"],"yoast_head":"<!-- This site is optimized with the Yoast SEO plugin v26.8 - https:\/\/yoast.com\/product\/yoast-seo-wordpress\/ -->\n<title>Pi\u00e8ces d\u00e9tach\u00e9es analyseur de combustion<\/title>\n<meta name=\"description\" content=\"RB TECHNOLOGIE propose des pi\u00e8ces d\u00e9tach\u00e9es pour les analyseurs de combustion. Demandez un devis !\" \/>\n<meta name=\"robots\" content=\"index, follow, max-snippet:-1, max-image-preview:large, max-video-preview:-1\" \/>\n<link rel=\"canonical\" href=\"https:\/\/www.rb-technologies.com\/fr\/pieces-detachees\/\" \/>\n<meta property=\"og:locale\" content=\"fr_FR\" \/>\n<meta property=\"og:type\" content=\"article\" \/>\n<meta property=\"og:title\" content=\"Pi\u00e8ces d\u00e9tach\u00e9es analyseur de combustion\" \/>\n<meta property=\"og:description\" content=\"RB TECHNOLOGIE propose des pi\u00e8ces d\u00e9tach\u00e9es pour les analyseurs de combustion. Demandez un devis !\" \/>\n<meta property=\"og:url\" content=\"https:\/\/www.rb-technologies.com\/fr\/pieces-detachees\/\" \/>\n<meta property=\"og:site_name\" content=\"rb-technologies.com\" \/>\n<meta property=\"article:modified_time\" content=\"2025-01-31T10:39:42+00:00\" \/>\n<meta name=\"twitter:card\" content=\"summary_large_image\" \/>\n<meta name=\"twitter:label1\" content=\"Dur\u00e9e de lecture estim\u00e9e\" \/>\n\t<meta name=\"twitter:data1\" content=\"2 minutes\" \/>\n<script type=\"application\/ld+json\" class=\"yoast-schema-graph\">{\"@context\":\"https:\/\/schema.org\",\"@graph\":[{\"@type\":\"WebPage\",\"@id\":\"https:\/\/www.rb-technologies.com\/fr\/pieces-detachees\/\",\"url\":\"https:\/\/www.rb-technologies.com\/fr\/pieces-detachees\/\",\"name\":\"Pi\u00e8ces d\u00e9tach\u00e9es analyseur de combustion\",\"isPartOf\":{\"@id\":\"https:\/\/www.rb-technologies.com\/fr\/#website\"},\"datePublished\":\"2024-04-17T14:12:17+00:00\",\"dateModified\":\"2025-01-31T10:39:42+00:00\",\"description\":\"RB TECHNOLOGIE propose des pi\u00e8ces d\u00e9tach\u00e9es pour les analyseurs de combustion. Demandez un devis !\",\"breadcrumb\":{\"@id\":\"https:\/\/www.rb-technologies.com\/fr\/pieces-detachees\/#breadcrumb\"},\"inLanguage\":\"fr-FR\",\"potentialAction\":[{\"@type\":\"ReadAction\",\"target\":[\"https:\/\/www.rb-technologies.com\/fr\/pieces-detachees\/\"]}]},{\"@type\":\"BreadcrumbList\",\"@id\":\"https:\/\/www.rb-technologies.com\/fr\/pieces-detachees\/#breadcrumb\",\"itemListElement\":[{\"@type\":\"ListItem\",\"position\":1,\"name\":\"Home\",\"item\":\"https:\/\/www.rb-technologies.com\/fr\/\"},{\"@type\":\"ListItem\",\"position\":2,\"name\":\"Pi\u00e8ces d\u00e9tach\u00e9es\"}]},{\"@type\":\"WebSite\",\"@id\":\"https:\/\/www.rb-technologies.com\/fr\/#website\",\"url\":\"https:\/\/www.rb-technologies.com\/fr\/\",\"name\":\"rb-technologies.com\",\"description\":\"\",\"potentialAction\":[{\"@type\":\"SearchAction\",\"target\":{\"@type\":\"EntryPoint\",\"urlTemplate\":\"https:\/\/www.rb-technologies.com\/fr\/?s={search_term_string}\"},\"query-input\":{\"@type\":\"PropertyValueSpecification\",\"valueRequired\":true,\"valueName\":\"search_term_string\"}}],\"inLanguage\":\"fr-FR\"}]}<\/script>\n<!-- \/ Yoast SEO plugin. -->","yoast_head_json":{"title":"Pi\u00e8ces d\u00e9tach\u00e9es analyseur de combustion","description":"RB TECHNOLOGIE propose des pi\u00e8ces d\u00e9tach\u00e9es pour les analyseurs de combustion. Demandez un devis !","robots":{"index":"index","follow":"follow","max-snippet":"max-snippet:-1","max-image-preview":"max-image-preview:large","max-video-preview":"max-video-preview:-1"},"canonical":"https:\/\/www.rb-technologies.com\/fr\/pieces-detachees\/","og_locale":"fr_FR","og_type":"article","og_title":"Pi\u00e8ces d\u00e9tach\u00e9es analyseur de combustion","og_description":"RB TECHNOLOGIE propose des pi\u00e8ces d\u00e9tach\u00e9es pour les analyseurs de combustion. Demandez un devis !","og_url":"https:\/\/www.rb-technologies.com\/fr\/pieces-detachees\/","og_site_name":"rb-technologies.com","article_modified_time":"2025-01-31T10:39:42+00:00","twitter_card":"summary_large_image","twitter_misc":{"Dur\u00e9e de lecture estim\u00e9e":"2 minutes"},"schema":{"@context":"https:\/\/schema.org","@graph":[{"@type":"WebPage","@id":"https:\/\/www.rb-technologies.com\/fr\/pieces-detachees\/","url":"https:\/\/www.rb-technologies.com\/fr\/pieces-detachees\/","name":"Pi\u00e8ces d\u00e9tach\u00e9es analyseur de combustion","isPartOf":{"@id":"https:\/\/www.rb-technologies.com\/fr\/#website"},"datePublished":"2024-04-17T14:12:17+00:00","dateModified":"2025-01-31T10:39:42+00:00","description":"RB TECHNOLOGIE propose des pi\u00e8ces d\u00e9tach\u00e9es pour les analyseurs de combustion. Demandez un devis !","breadcrumb":{"@id":"https:\/\/www.rb-technologies.com\/fr\/pieces-detachees\/#breadcrumb"},"inLanguage":"fr-FR","potentialAction":[{"@type":"ReadAction","target":["https:\/\/www.rb-technologies.com\/fr\/pieces-detachees\/"]}]},{"@type":"BreadcrumbList","@id":"https:\/\/www.rb-technologies.com\/fr\/pieces-detachees\/#breadcrumb","itemListElement":[{"@type":"ListItem","position":1,"name":"Home","item":"https:\/\/www.rb-technologies.com\/fr\/"},{"@type":"ListItem","position":2,"name":"Pi\u00e8ces d\u00e9tach\u00e9es"}]},{"@type":"WebSite","@id":"https:\/\/www.rb-technologies.com\/fr\/#website","url":"https:\/\/www.rb-technologies.com\/fr\/","name":"rb-technologies.com","description":"","potentialAction":[{"@type":"SearchAction","target":{"@type":"EntryPoint","urlTemplate":"https:\/\/www.rb-technologies.com\/fr\/?s={search_term_string}"},"query-input":{"@type":"PropertyValueSpecification","valueRequired":true,"valueName":"search_term_string"}}],"inLanguage":"fr-FR"}]}},"jetpack_sharing_enabled":true,"_links":{"self":[{"href":"https:\/\/www.rb-technologies.com\/fr\/wp-json\/wp\/v2\/pages\/448","targetHints":{"allow":["GET"]}}],"collection":[{"href":"https:\/\/www.rb-technologies.com\/fr\/wp-json\/wp\/v2\/pages"}],"about":[{"href":"https:\/\/www.rb-technologies.com\/fr\/wp-json\/wp\/v2\/types\/page"}],"author":[{"embeddable":true,"href":"https:\/\/www.rb-technologies.com\/fr\/wp-json\/wp\/v2\/users\/1"}],"replies":[{"embeddable":true,"href":"https:\/\/www.rb-technologies.com\/fr\/wp-json\/wp\/v2\/comments?post=448"}],"version-history":[{"count":20,"href":"https:\/\/www.rb-technologies.com\/fr\/wp-json\/wp\/v2\/pages\/448\/revisions"}],"predecessor-version":[{"id":836,"href":"https:\/\/www.rb-technologies.com\/fr\/wp-json\/wp\/v2\/pages\/448\/revisions\/836"}],"wp:attachment":[{"href":"https:\/\/www.rb-technologies.com\/fr\/wp-json\/wp\/v2\/media?parent=448"}],"curies":[{"name":"wp","href":"https:\/\/api.w.org\/{rel}","templated":true}]}}