{"id":630,"date":"2024-06-04T16:53:37","date_gmt":"2024-06-04T14:53:37","guid":{"rendered":"https:\/\/rb-technologies.com\/legal-information\/"},"modified":"2024-06-04T16:59:22","modified_gmt":"2024-06-04T14:59:22","slug":"mentions-legales","status":"publish","type":"page","link":"https:\/\/www.rb-technologies.com\/fr\/mentions-legales\/","title":{"rendered":"Mentions l\u00e9gales"},"content":{"rendered":"<div class=\"wpb-content-wrapper\"><p>[vc_row][vc_column][vc_column_text]<\/p>\n<div class=\"wpb_text_column wpb_content_element \">\n<div class=\"wpb_wrapper\">\n<h2>Identit\u00e9 de l\u2019\u00e9diteur et adresse postale<\/h2>\n<p>RB Technologies<br \/>\nEspace Brinon &#8211; B\u00e2timent A<br \/>\n3B chemin du Torey<br \/>\n69340 Francheville<br \/>\nFRANCE<\/p>\n<p><strong>N\u00b0 de SIRET<\/strong> : \u200b<span class=\"copyNumber__copy\">39269259600035<\/span><\/p>\n<div class=\"copyNumber__number\" data-nosnippet=\"\"><i id=\"siret_icon\" class=\"i-copy copyNumber__icon\"><\/i><strong>Code NAF<\/strong> : 4669B<\/div>\n<h2>Identit\u00e9 de l\u2019h\u00e9bergeur<\/h2>\n<p>OVH<br \/>\n2 rue Kellermann \u00ad<br \/>\n59100 ROUBAIX<\/p>\n<h2>Cr\u00e9ation du site et r\u00e9f\u00e9rencement naturel<\/h2>\n<p><a href=\"https:\/\/www.d2bconsulting.fr\/\" target=\"_blank\" rel=\"noopener noreferrer\">D2b Consulting<\/a><br \/>\n3, rue Gattefoss\u00e9<br \/>\n69800 Saint Priest<\/p>\n<h2>D\u00e9claration CNIL<\/h2>\n<p>RB technologies a proc\u00e9d\u00e9 \u00e0 la d\u00e9claration des traitements automatis\u00e9s sur son site Web aupr\u00e8s de la Commission Nationale de l\u2019Informatique et des Libert\u00e9s.<br \/>\n<strong>Num\u00e9ro de d\u00e9claration aupr\u00e8s de la CNIL<\/strong>\u00a0: \u200b1818662 v 0<\/p>\n<h2>Droit des internautes : droits d\u2019acc\u00e8s et de rectification<\/h2>\n<p>En respect des dispositions de la loi N\u00b078\u00ad17 du 6 janvier 1978 modifi\u00e9e en 2004, vous pouvez \u00e0 tout moment exercer vos droits d\u2019acc\u00e8s, de modification et de rectification de vos informations personnelles. Ces droits s\u2019exercent en vous adressant par voie postale, en justifiant de votre identit\u00e9, \u00e0 l\u2019adresse postale d\u2019ISOVATION.<\/p>\n<h2>Dispositions RGPD<\/h2>\n<p>RB technologies est le responsable du traitement des donn\u00e9es collect\u00e9es sur le site www.rb-technologies.fr<\/p>\n<p>L\u2019utilisateur est notamment inform\u00e9 que conform\u00e9ment \u00e0 l\u2019article 32 de la loi Informatique et libert\u00e9s du 6 janvier 1978 modifi\u00e9e, les informations qu\u2019il communique par les formulaires pr\u00e9sents sur le Site de RB technologies sont n\u00e9cessaires pour r\u00e9pondre \u00e0 sa demande et sont destin\u00e9es aux services en charge de r\u00e9pondre \u00e0 sa demande \u00e0 des fins de suivi de cette demande.<\/p>\n<p>Conform\u00e9ment aux dispositions des articles 39 et 40 de la loi \u00ab Informatique et Libert\u00e9s \u00bb du 6 janvier 1978 modifi\u00e9e en 2004, l\u2019utilisateur b\u00e9n\u00e9ficie d\u2019un droit d\u2019acc\u00e8s, de rectification, de mise \u00e0 jour et d\u2019effacement des informations qui le concernent, qu\u2019il peut exercer en s\u2019adressant \u00e0 RB technologies , 33, rue Alfred Brinon, 69100, Villeurbanne, en pr\u00e9cisant dans l\u2019objet du courrier \u00ab Droit des personnes \u00bb et en joignant la copie de son justificatif d\u2019identit\u00e9.<\/p>\n<p>Vous b\u00e9n\u00e9ficiez \u00e9galement du droit de donner des directives sur le sort de vos donn\u00e9es apr\u00e8s votre d\u00e9c\u00e8s.<\/p>\n<p>Conform\u00e9ment aux dispositions de l\u2019article 38 de la loi \u00ab Informatique et Libert\u00e9s \u00bb du 6 janvier 1978 modifi\u00e9e en 2004, l\u2019utilisateur peut \u00e9galement s\u2019opposer, pour des motifs l\u00e9gitimes \u00e0 ce que ses donn\u00e9es fassent l\u2019objet d\u2019un traitement et sans motif et sans frais, \u00e0 ce que ses donn\u00e9es soient utilis\u00e9es \u00e0 des fins de prospection commerciale.<\/p>\n<p>L\u2019utilisateur est inform\u00e9 que lors de ses visites sur le Site www.rb-technologies.fr, un cookie peut s\u2019installer automatiquement sur son logiciel de navigation.<\/p>\n<p>Les informations recueillies sur ce site seront conserv\u00e9es pendant une dur\u00e9e de trois ans.<\/p>\n<p>Le cookie est un bloc de donn\u00e9es qui ne permet pas d\u2019identifier les utilisateurs mais sert \u00e0 enregistrer des informations relatives \u00e0 la navigation de celui-ci sur le site. Le param\u00e9trage du logiciel de navigation permet d\u2019informer de la pr\u00e9sence de cookie et \u00e9ventuellement, de la refuser de la mani\u00e8re d\u00e9crite \u00e0 l\u2019adresse suivante www.cnil.fr.<\/p>\n<p>L\u2019utilisateur dispose d\u2019un droit d\u2019acc\u00e8s, de retrait et de modification des donn\u00e9es \u00e0 caract\u00e8re personnel communiqu\u00e9es par le biais des cookies dans les conditions indiqu\u00e9es ci-dessus.<\/p>\n<p>L\u2019utilisateur du site de RB technologies est tenu de respecter les dispositions de la loi Informatique et libert\u00e9s du 6 janvier 1978 modifi\u00e9e dont la violation est passible de sanctions p\u00e9nales. Il doit notamment s\u2019abstenir, s\u2019agissant des informations nominatives auxquelles il acc\u00e8de, de toute collecte, de toute utilisation d\u00e9tourn\u00e9e, et d\u2019une mani\u00e8re g\u00e9n\u00e9rale, de tout acte susceptible de porter atteinte \u00e0 la vie priv\u00e9e ou \u00e0 la r\u00e9putation des personnes.<\/p>\n<p>En savoir plus sur la\u00a0<a href=\"https:\/\/www.isovation.com\/politique-de-confidentialite.html\">Gestion des cookies<\/a>.<\/p>\n<\/div>\n<\/div>\n<div class=\"wpb_raw_code wpb_content_element wpb_raw_html\">\n<div class=\"wpb_wrapper\"><iframe loading=\"lazy\" src=\"https:\/\/analytics.d2bconsulting.fr\/index.php?module=CoreAdminHome&amp;action=optOut&amp;language=fr\" width=\"100%\" height=\"auto\" data-mce-fragment=\"1\"><\/iframe><\/div>\n<\/div>\n<div class=\"wpb_text_column wpb_content_element \">\n<div class=\"wpb_wrapper\">\n<h2>Respect des lois en vigueur<\/h2>\n<p>RB technologies respecte la vie priv\u00e9e des utilisateurs de son site Web. Aucune information personnelle n\u2019est collect\u00e9e \u00e0 votre insu ni c\u00e9d\u00e9e \u00e0 des tiers.<\/p>\n<h2>Utilisations des donn\u00e9es personnelles<\/h2>\n<p>Les donn\u00e9es personnelles collect\u00e9es sur le site Web de RB TECHNOLOGIES permettent d\u2019am\u00e9liorer votre exp\u00e9rience de navigation. Lors de cette derni\u00e8re, des t\u00e9moins de connexion aussi appel\u00e9s cookies, sont d\u00e9pos\u00e9s pour pouvoir recueillir un ensemble d\u2019informations.<\/p>\n<p>Ces informations nous permettent d\u2019am\u00e9liorer l\u2019ergonomie, la navigation au sein du site Web d\u2019RB TECHNOLOGIES, le contenu \u00e9ditorial ainsi que l\u2019outil gestionnaire des statistiques du site www.rb-technologies.com qui stocke des informations relatives au profil de l\u2019internaute : l\u2019\u00e9quipement, le navigateur utilis\u00e9, l\u2019origine g\u00e9ographique des requ\u00eates, la date et l\u2019heure de connexion au site Web, etc.<\/p>\n<p>Toutefois, il est possible de refuser l\u2019enregistrement de ces donn\u00e9es en modifiant la configuration de votre navigateur sur ordinateur en autorisant ou non l\u2019enregistrement de cookies. Vous pouvez les refuser ou de les supprimer sans que cela ait une quelconque influence sur votre acc\u00e8s aux pages du site Web de RB TECHNOLOGIES. Pour vous opposer \u00e0 l\u2019enregistrement de cookies ou \u00eatre pr\u00e9venu avant d\u2019accepter les cookies, nous vous recommandons la lecture de la rubrique d\u2019aide de votre navigateur qui vous pr\u00e9cisera la marche \u00e0 suivre (ou vous rendre sur le site de la \u00ab CNIL \u00bb Commission Nationale de l\u2019Informatique et des Libert\u00e9s \u00e0 l\u2019adresse <a href=\"http:\/\/www.cnil.fr\/vos-obligations\/sites-web-cookies-et-autres-traceurs\/que-dit-la-loi\/\" target=\"_blank\" rel=\"noopener noreferrer\">http:\/\/www.cnil.fr\/vos-obligations\/sites-web-cookies-et-autres-traceurs\/que-dit-la-loi\/<\/a>\u00a0qui explique comment effectuer une telle configuration).<\/p>\n<p>Les donn\u00e9es pourront \u00e9galement \u00eatre utilis\u00e9es \u00e0 des fins statistiques pour mesurer la fr\u00e9quentation du site ou dans le cadre d\u2019un e\u00admail marketing de la part d\u2019RB TECHNOLOGIES.<\/p>\n<\/div>\n<\/div>\n<p>[\/vc_column_text][\/vc_column][\/vc_row]<\/p>\n<\/div>","protected":false},"excerpt":{"rendered":"<p>[vc_row][vc_column][vc_column_text] Identit\u00e9 de l\u2019\u00e9diteur et adresse postale RB Technologies Espace Brinon &#8211; B\u00e2timent A 3B chemin du Torey 69340 Francheville FRANCE N\u00b0 de SIRET : \u200b39269259600035<span class=\"excerpt-hellip\"> [\u2026]<\/span><\/p>\n","protected":false},"author":1,"featured_media":0,"parent":0,"menu_order":0,"comment_status":"closed","ping_status":"closed","template":"","meta":{"footnotes":""},"class_list":["post-630","page","type-page","status-publish","hentry"],"yoast_head":"<!-- This site is optimized with the Yoast SEO plugin v26.8 - https:\/\/yoast.com\/product\/yoast-seo-wordpress\/ -->\n<title>Mentions l\u00e9gales - rb-technologies.com<\/title>\n<meta name=\"robots\" content=\"noindex, follow\" \/>\n<meta property=\"og:locale\" content=\"fr_FR\" \/>\n<meta property=\"og:type\" content=\"article\" \/>\n<meta property=\"og:title\" content=\"Mentions l\u00e9gales - rb-technologies.com\" \/>\n<meta property=\"og:description\" content=\"[vc_row][vc_column][vc_column_text] Identit\u00e9 de l\u2019\u00e9diteur et adresse postale RB Technologies Espace Brinon &#8211; B\u00e2timent A 3B chemin du Torey 69340 Francheville FRANCE N\u00b0 de SIRET : \u200b39269259600035 [\u2026]\" \/>\n<meta property=\"og:url\" content=\"https:\/\/www.rb-technologies.com\/fr\/mentions-legales\/\" \/>\n<meta property=\"og:site_name\" content=\"rb-technologies.com\" \/>\n<meta property=\"article:modified_time\" content=\"2024-06-04T14:59:22+00:00\" \/>\n<meta name=\"twitter:card\" content=\"summary_large_image\" \/>\n<meta name=\"twitter:label1\" content=\"Dur\u00e9e de lecture estim\u00e9e\" \/>\n\t<meta name=\"twitter:data1\" content=\"4 minutes\" \/>\n<script type=\"application\/ld+json\" class=\"yoast-schema-graph\">{\"@context\":\"https:\/\/schema.org\",\"@graph\":[{\"@type\":\"WebPage\",\"@id\":\"https:\/\/www.rb-technologies.com\/fr\/mentions-legales\/\",\"url\":\"https:\/\/www.rb-technologies.com\/fr\/mentions-legales\/\",\"name\":\"Mentions l\u00e9gales - rb-technologies.com\",\"isPartOf\":{\"@id\":\"https:\/\/www.rb-technologies.com\/fr\/#website\"},\"datePublished\":\"2024-06-04T14:53:37+00:00\",\"dateModified\":\"2024-06-04T14:59:22+00:00\",\"breadcrumb\":{\"@id\":\"https:\/\/www.rb-technologies.com\/fr\/mentions-legales\/#breadcrumb\"},\"inLanguage\":\"fr-FR\",\"potentialAction\":[{\"@type\":\"ReadAction\",\"target\":[\"https:\/\/www.rb-technologies.com\/fr\/mentions-legales\/\"]}]},{\"@type\":\"BreadcrumbList\",\"@id\":\"https:\/\/www.rb-technologies.com\/fr\/mentions-legales\/#breadcrumb\",\"itemListElement\":[{\"@type\":\"ListItem\",\"position\":1,\"name\":\"Home\",\"item\":\"https:\/\/www.rb-technologies.com\/fr\/\"},{\"@type\":\"ListItem\",\"position\":2,\"name\":\"Mentions l\u00e9gales\"}]},{\"@type\":\"WebSite\",\"@id\":\"https:\/\/www.rb-technologies.com\/fr\/#website\",\"url\":\"https:\/\/www.rb-technologies.com\/fr\/\",\"name\":\"rb-technologies.com\",\"description\":\"\",\"potentialAction\":[{\"@type\":\"SearchAction\",\"target\":{\"@type\":\"EntryPoint\",\"urlTemplate\":\"https:\/\/www.rb-technologies.com\/fr\/?s={search_term_string}\"},\"query-input\":{\"@type\":\"PropertyValueSpecification\",\"valueRequired\":true,\"valueName\":\"search_term_string\"}}],\"inLanguage\":\"fr-FR\"}]}<\/script>\n<!-- \/ Yoast SEO plugin. -->","yoast_head_json":{"title":"Mentions l\u00e9gales - rb-technologies.com","robots":{"index":"noindex","follow":"follow"},"og_locale":"fr_FR","og_type":"article","og_title":"Mentions l\u00e9gales - rb-technologies.com","og_description":"[vc_row][vc_column][vc_column_text] Identit\u00e9 de l\u2019\u00e9diteur et adresse postale RB Technologies Espace Brinon &#8211; B\u00e2timent A 3B chemin du Torey 69340 Francheville FRANCE N\u00b0 de SIRET : \u200b39269259600035 [\u2026]","og_url":"https:\/\/www.rb-technologies.com\/fr\/mentions-legales\/","og_site_name":"rb-technologies.com","article_modified_time":"2024-06-04T14:59:22+00:00","twitter_card":"summary_large_image","twitter_misc":{"Dur\u00e9e de lecture estim\u00e9e":"4 minutes"},"schema":{"@context":"https:\/\/schema.org","@graph":[{"@type":"WebPage","@id":"https:\/\/www.rb-technologies.com\/fr\/mentions-legales\/","url":"https:\/\/www.rb-technologies.com\/fr\/mentions-legales\/","name":"Mentions l\u00e9gales - rb-technologies.com","isPartOf":{"@id":"https:\/\/www.rb-technologies.com\/fr\/#website"},"datePublished":"2024-06-04T14:53:37+00:00","dateModified":"2024-06-04T14:59:22+00:00","breadcrumb":{"@id":"https:\/\/www.rb-technologies.com\/fr\/mentions-legales\/#breadcrumb"},"inLanguage":"fr-FR","potentialAction":[{"@type":"ReadAction","target":["https:\/\/www.rb-technologies.com\/fr\/mentions-legales\/"]}]},{"@type":"BreadcrumbList","@id":"https:\/\/www.rb-technologies.com\/fr\/mentions-legales\/#breadcrumb","itemListElement":[{"@type":"ListItem","position":1,"name":"Home","item":"https:\/\/www.rb-technologies.com\/fr\/"},{"@type":"ListItem","position":2,"name":"Mentions l\u00e9gales"}]},{"@type":"WebSite","@id":"https:\/\/www.rb-technologies.com\/fr\/#website","url":"https:\/\/www.rb-technologies.com\/fr\/","name":"rb-technologies.com","description":"","potentialAction":[{"@type":"SearchAction","target":{"@type":"EntryPoint","urlTemplate":"https:\/\/www.rb-technologies.com\/fr\/?s={search_term_string}"},"query-input":{"@type":"PropertyValueSpecification","valueRequired":true,"valueName":"search_term_string"}}],"inLanguage":"fr-FR"}]}},"jetpack_sharing_enabled":true,"_links":{"self":[{"href":"https:\/\/www.rb-technologies.com\/fr\/wp-json\/wp\/v2\/pages\/630","targetHints":{"allow":["GET"]}}],"collection":[{"href":"https:\/\/www.rb-technologies.com\/fr\/wp-json\/wp\/v2\/pages"}],"about":[{"href":"https:\/\/www.rb-technologies.com\/fr\/wp-json\/wp\/v2\/types\/page"}],"author":[{"embeddable":true,"href":"https:\/\/www.rb-technologies.com\/fr\/wp-json\/wp\/v2\/users\/1"}],"replies":[{"embeddable":true,"href":"https:\/\/www.rb-technologies.com\/fr\/wp-json\/wp\/v2\/comments?post=630"}],"version-history":[{"count":1,"href":"https:\/\/www.rb-technologies.com\/fr\/wp-json\/wp\/v2\/pages\/630\/revisions"}],"predecessor-version":[{"id":631,"href":"https:\/\/www.rb-technologies.com\/fr\/wp-json\/wp\/v2\/pages\/630\/revisions\/631"}],"wp:attachment":[{"href":"https:\/\/www.rb-technologies.com\/fr\/wp-json\/wp\/v2\/media?parent=630"}],"curies":[{"name":"wp","href":"https:\/\/api.w.org\/{rel}","templated":true}]}}