{"id":645,"date":"2024-06-06T10:53:44","date_gmt":"2024-06-06T08:53:44","guid":{"rendered":"https:\/\/rb-technologies.com\/?page_id=645"},"modified":"2024-06-06T10:54:02","modified_gmt":"2024-06-06T08:54:02","slug":"politique-de-confidentialite","status":"publish","type":"page","link":"https:\/\/www.rb-technologies.com\/fr\/politique-de-confidentialite\/","title":{"rendered":"Politique de confidentialit\u00e9"},"content":{"rendered":"<div class=\"wpb-content-wrapper\"><p>[vc_row][vc_column][vc_column_text]<\/p>\n<h3>POLITIQUE DE CONFIDENTIALIT\u00c9<\/h3>\n<p>GESTION DES COOKIES \u2013 CHARTE DE CONFIDENTIALIT\u00c9<br \/>\nNous prenons votre vie priv\u00e9e tr\u00e8s au s\u00e9rieux !<\/p>\n<p>Merci d\u2019utiliser nos sites Web et nos services. Comme vous, nous croyons que l\u2019int\u00e9grit\u00e9 personnelle est importante et nous prenons votre vie priv\u00e9e au s\u00e9rieux. Cette charte de confidentialit\u00e9 est pertinente pour toute personne physique partageant ses donn\u00e9es personnelles directement ou indirectement avec RB Technologies en visitant nos sites Web ou en utilisant nos services.<\/p>\n<p>RB technologies est une soci\u00e9t\u00e9 \u00e9tablie en France et, en tant que telle, nous adh\u00e9rons \u00e0 la l\u00e9gislation fran\u00e7aise sur la protection des informations personnelles (1998: 204) qui applique la Directive sur la protection des donn\u00e9es europ\u00e9ennes 95\/46\/EC.<\/p>\n<p>Notre si\u00e8ge social est situ\u00e9 au 33 Rue des Alfred Brinon 69100 Villeurbanne\u2013 France<\/p>\n<p>N\u2019h\u00e9sitez pas \u00e0 nous faire part de vos questions ou pr\u00e9occupations en mati\u00e8re de protection des donn\u00e9es, \u00e0 l\u2019adresse suivante : rbt@rb-technologies.com<\/p>\n<p>Dans cette charte de confidentialit\u00e9, nous expliquons quels types de donn\u00e9es personnelles sont susceptible d\u2019\u00eatre trait\u00e9 et dans quelle finalit\u00e9. Nous expliquons \u00e9galement les choix que vous avez par rapport \u00e0 notre traitement et la fa\u00e7on dont vous pouvez en apprendre davantage sur notre traitement et sur vos droits.<\/p>\n<h3>PORT\u00c9E DE LA CHARTE DE CONFIDENTIALIT\u00c9<\/h3>\n<p>Veuillez noter que cette charte de confidentialit\u00e9 concerne le traitement des donn\u00e9es personnelles dont RB technologies est le Responsable de Traitement, c\u2019est-\u00e0-dire dans les cas o\u00f9 RB technologies a d\u00e9cid\u00e9 des finalit\u00e9s et des moyens de traitement.<\/p>\n<p>Pour \u00e9viter toute ambigu\u00eft\u00e9, cette Charte de confidentialit\u00e9 ne concerne aucun traitement de donn\u00e9es personnelles que RB technologies peut effectuer en tant que Sous-Traitant d\u00e9coulant de votre utilisation de nos services.<\/p>\n<p>Pour obtenir plus d\u2019informations sur la fa\u00e7on dont nos services, peuvent \u00eatre utilis\u00e9s pour faciliter vos traitements de donn\u00e9es personnelles, et sur les responsabilit\u00e9s et les engagements de RB Technologies en relation avec ceux-ci, veuillez vous r\u00e9f\u00e9rer aux conditions applicables.<\/p>\n<h3>DONN\u00c9ES PERSONNELLES TRAIT\u00c9ES<\/h3>\n<p>Les donn\u00e9es personnelles d\u00e9signent les donn\u00e9es qui vous identifient en tant que personne physique. Nous pouvons \u00eatre amen\u00e9 \u00e0 traiter les types de donn\u00e9es personnelles suivants vous concernant :<\/p>\n<p>Vos coordonn\u00e9es incluant votre nom, l\u2019adresse courriel et le num\u00e9ro de t\u00e9l\u00e9phone<br \/>\nInformations utilisateur, par exemple, si vous vous connectez \u00e0 notre service ou visitez nos sites internet. Ces informations peuvent comprendre le num\u00e9ro IP, le type de p\u00e9riph\u00e9rique et le navigateur, fuseau horaire, situation g\u00e9ographique, ainsi que vos int\u00e9r\u00eat et pr\u00e9f\u00e9rences des informations sur la fa\u00e7on dont vous interagissez avec nos services, par exemple sur les fonctionnalit\u00e9s utilis\u00e9es et les boutons cliqu\u00e9s<br \/>\nAutres informations que nous recevons \u00e0 travers vos contacts.<\/p>\n<h3>FINALIT\u00c9S DE TRAITEMENT<\/h3>\n<p>Nous traitons vos donn\u00e9es personnelles pour les finalit\u00e9s suivantes :<\/p>\n<p>Fournir nos services conform\u00e9ment aux conditions applicables<br \/>\nAdministrer la relation d\u2019affaires avec vous et le client de RB technologies que vous repr\u00e9sentez<br \/>\nD\u00e9velopper et am\u00e9liorer nos services<br \/>\nAfin de fournir des informations et des offres aux clients de RB technologies actuels ou potentiels sur nos services par des parties tiers s\u00e9lectionn\u00e9s. Pour \u00e9viter toute ambigu\u00eft\u00e9, tout mat\u00e9riel de marketing distribu\u00e9 \u00e0 l\u2019aide de vos donn\u00e9es personnelles vous est envoy\u00e9 en tant que repr\u00e9sentant de client actuel ou potentiel de RB technologies et non \u00e0 vous en tant que personne priv\u00e9e.<\/p>\n<h3>PARTAGE AVEC DES TIERS ET TRANSFERT VERS LES PAYS TIERS<\/h3>\n<p>Nous pouvons partager des donn\u00e9es personnelles avec des tiers aux fins expliqu\u00e9es ci-dessus. Pour \u00e9viter tout doute, nous ne partagerons pas de donn\u00e9es personnelles avec des tiers de mani\u00e8re \u00e0 ce que ces tiers utilisent des donn\u00e9es personnelles \u00e0 des fins de marketing direct en relation avec vous en tant que particulier, mais uniquement avec vous en tant que repr\u00e9sentant de client actuel ou potentiel de RB technologies.<\/p>\n<p>Nous pouvons transf\u00e9rer des donn\u00e9es personnelles dans un pays en dehors de l\u2019EEE, mais nous devrons alors tout d\u2019abord obtenir votre consentement ou veiller \u00e0 ce que le transfert soit l\u00e9gal et s\u00e9curitaire en prenant d\u2019autres dispositions.<\/p>\n<p>Comme expliqu\u00e9 ci-dessus, n\u2019oubliez pas que cette charte de confidentialit\u00e9 ne concerne aucun traitement de donn\u00e9es pour lequel vous pourriez \u00eatre responsable \u00e0 la suite de l\u2019utilisation de nos services. Vous, ou la partie que vous repr\u00e9sentez, \u00eates toujours responsables de votre traitement des donn\u00e9es personnelles conform\u00e9ment \u00e0 la loi en vigueur.<\/p>\n<h3>VOS DROITS<\/h3>\n<p>Il est de notre obligation de traiter des \u00e9l\u00e9ments personnels pr\u00e9cis, pertinents et n\u00e9cessaires tout en tenant compte de nos finalit\u00e9s l\u00e9gitimes. Il est de votre droit de nous contr\u00f4ler.<br \/>\nPour mettre \u00e0 jour les donn\u00e9es personnelles que nous traitons vous concernant, veuillez nous contacter sur rbt@rb-technologies.com. Pour recevoir gratuitement un extrait de donn\u00e9es personnelles que nous traitons vous concernant, envoyez-nous une lettre sign\u00e9e \u00e0 l\u2019adresse de RB technologies.<\/p>\n<p>Contact[\/vc_column_text][\/vc_column][\/vc_row]<\/p>\n<\/div>","protected":false},"excerpt":{"rendered":"<p>[vc_row][vc_column][vc_column_text] POLITIQUE DE CONFIDENTIALIT\u00c9 GESTION DES COOKIES \u2013 CHARTE DE CONFIDENTIALIT\u00c9 Nous prenons votre vie priv\u00e9e tr\u00e8s au s\u00e9rieux ! Merci d\u2019utiliser nos sites Web et<span class=\"excerpt-hellip\"> [\u2026]<\/span><\/p>\n","protected":false},"author":1,"featured_media":0,"parent":0,"menu_order":0,"comment_status":"closed","ping_status":"closed","template":"","meta":{"footnotes":""},"class_list":["post-645","page","type-page","status-publish","hentry"],"yoast_head":"<!-- This site is optimized with the Yoast SEO plugin v26.8 - https:\/\/yoast.com\/product\/yoast-seo-wordpress\/ -->\n<title>Politique de confidentialit\u00e9 - rb-technologies.com<\/title>\n<meta name=\"robots\" content=\"noindex, follow\" \/>\n<meta property=\"og:locale\" content=\"fr_FR\" \/>\n<meta property=\"og:type\" content=\"article\" \/>\n<meta property=\"og:title\" content=\"Politique de confidentialit\u00e9 - rb-technologies.com\" \/>\n<meta property=\"og:description\" content=\"[vc_row][vc_column][vc_column_text] POLITIQUE DE CONFIDENTIALIT\u00c9 GESTION DES COOKIES \u2013 CHARTE DE CONFIDENTIALIT\u00c9 Nous prenons votre vie priv\u00e9e tr\u00e8s au s\u00e9rieux ! Merci d\u2019utiliser nos sites Web et [\u2026]\" \/>\n<meta property=\"og:url\" content=\"https:\/\/www.rb-technologies.com\/fr\/politique-de-confidentialite\/\" \/>\n<meta property=\"og:site_name\" content=\"rb-technologies.com\" \/>\n<meta property=\"article:modified_time\" content=\"2024-06-06T08:54:02+00:00\" \/>\n<meta name=\"twitter:card\" content=\"summary_large_image\" \/>\n<meta name=\"twitter:label1\" content=\"Dur\u00e9e de lecture estim\u00e9e\" \/>\n\t<meta name=\"twitter:data1\" content=\"4 minutes\" \/>\n<script type=\"application\/ld+json\" class=\"yoast-schema-graph\">{\"@context\":\"https:\/\/schema.org\",\"@graph\":[{\"@type\":\"WebPage\",\"@id\":\"https:\/\/www.rb-technologies.com\/fr\/politique-de-confidentialite\/\",\"url\":\"https:\/\/www.rb-technologies.com\/fr\/politique-de-confidentialite\/\",\"name\":\"Politique de confidentialit\u00e9 - rb-technologies.com\",\"isPartOf\":{\"@id\":\"https:\/\/www.rb-technologies.com\/fr\/#website\"},\"datePublished\":\"2024-06-06T08:53:44+00:00\",\"dateModified\":\"2024-06-06T08:54:02+00:00\",\"breadcrumb\":{\"@id\":\"https:\/\/www.rb-technologies.com\/fr\/politique-de-confidentialite\/#breadcrumb\"},\"inLanguage\":\"fr-FR\",\"potentialAction\":[{\"@type\":\"ReadAction\",\"target\":[\"https:\/\/www.rb-technologies.com\/fr\/politique-de-confidentialite\/\"]}]},{\"@type\":\"BreadcrumbList\",\"@id\":\"https:\/\/www.rb-technologies.com\/fr\/politique-de-confidentialite\/#breadcrumb\",\"itemListElement\":[{\"@type\":\"ListItem\",\"position\":1,\"name\":\"Home\",\"item\":\"https:\/\/www.rb-technologies.com\/fr\/\"},{\"@type\":\"ListItem\",\"position\":2,\"name\":\"Politique de confidentialit\u00e9\"}]},{\"@type\":\"WebSite\",\"@id\":\"https:\/\/www.rb-technologies.com\/fr\/#website\",\"url\":\"https:\/\/www.rb-technologies.com\/fr\/\",\"name\":\"rb-technologies.com\",\"description\":\"\",\"potentialAction\":[{\"@type\":\"SearchAction\",\"target\":{\"@type\":\"EntryPoint\",\"urlTemplate\":\"https:\/\/www.rb-technologies.com\/fr\/?s={search_term_string}\"},\"query-input\":{\"@type\":\"PropertyValueSpecification\",\"valueRequired\":true,\"valueName\":\"search_term_string\"}}],\"inLanguage\":\"fr-FR\"}]}<\/script>\n<!-- \/ Yoast SEO plugin. -->","yoast_head_json":{"title":"Politique de confidentialit\u00e9 - rb-technologies.com","robots":{"index":"noindex","follow":"follow"},"og_locale":"fr_FR","og_type":"article","og_title":"Politique de confidentialit\u00e9 - rb-technologies.com","og_description":"[vc_row][vc_column][vc_column_text] POLITIQUE DE CONFIDENTIALIT\u00c9 GESTION DES COOKIES \u2013 CHARTE DE CONFIDENTIALIT\u00c9 Nous prenons votre vie priv\u00e9e tr\u00e8s au s\u00e9rieux ! Merci d\u2019utiliser nos sites Web et [\u2026]","og_url":"https:\/\/www.rb-technologies.com\/fr\/politique-de-confidentialite\/","og_site_name":"rb-technologies.com","article_modified_time":"2024-06-06T08:54:02+00:00","twitter_card":"summary_large_image","twitter_misc":{"Dur\u00e9e de lecture estim\u00e9e":"4 minutes"},"schema":{"@context":"https:\/\/schema.org","@graph":[{"@type":"WebPage","@id":"https:\/\/www.rb-technologies.com\/fr\/politique-de-confidentialite\/","url":"https:\/\/www.rb-technologies.com\/fr\/politique-de-confidentialite\/","name":"Politique de confidentialit\u00e9 - rb-technologies.com","isPartOf":{"@id":"https:\/\/www.rb-technologies.com\/fr\/#website"},"datePublished":"2024-06-06T08:53:44+00:00","dateModified":"2024-06-06T08:54:02+00:00","breadcrumb":{"@id":"https:\/\/www.rb-technologies.com\/fr\/politique-de-confidentialite\/#breadcrumb"},"inLanguage":"fr-FR","potentialAction":[{"@type":"ReadAction","target":["https:\/\/www.rb-technologies.com\/fr\/politique-de-confidentialite\/"]}]},{"@type":"BreadcrumbList","@id":"https:\/\/www.rb-technologies.com\/fr\/politique-de-confidentialite\/#breadcrumb","itemListElement":[{"@type":"ListItem","position":1,"name":"Home","item":"https:\/\/www.rb-technologies.com\/fr\/"},{"@type":"ListItem","position":2,"name":"Politique de confidentialit\u00e9"}]},{"@type":"WebSite","@id":"https:\/\/www.rb-technologies.com\/fr\/#website","url":"https:\/\/www.rb-technologies.com\/fr\/","name":"rb-technologies.com","description":"","potentialAction":[{"@type":"SearchAction","target":{"@type":"EntryPoint","urlTemplate":"https:\/\/www.rb-technologies.com\/fr\/?s={search_term_string}"},"query-input":{"@type":"PropertyValueSpecification","valueRequired":true,"valueName":"search_term_string"}}],"inLanguage":"fr-FR"}]}},"jetpack_sharing_enabled":true,"_links":{"self":[{"href":"https:\/\/www.rb-technologies.com\/fr\/wp-json\/wp\/v2\/pages\/645","targetHints":{"allow":["GET"]}}],"collection":[{"href":"https:\/\/www.rb-technologies.com\/fr\/wp-json\/wp\/v2\/pages"}],"about":[{"href":"https:\/\/www.rb-technologies.com\/fr\/wp-json\/wp\/v2\/types\/page"}],"author":[{"embeddable":true,"href":"https:\/\/www.rb-technologies.com\/fr\/wp-json\/wp\/v2\/users\/1"}],"replies":[{"embeddable":true,"href":"https:\/\/www.rb-technologies.com\/fr\/wp-json\/wp\/v2\/comments?post=645"}],"version-history":[{"count":1,"href":"https:\/\/www.rb-technologies.com\/fr\/wp-json\/wp\/v2\/pages\/645\/revisions"}],"predecessor-version":[{"id":646,"href":"https:\/\/www.rb-technologies.com\/fr\/wp-json\/wp\/v2\/pages\/645\/revisions\/646"}],"wp:attachment":[{"href":"https:\/\/www.rb-technologies.com\/fr\/wp-json\/wp\/v2\/media?parent=645"}],"curies":[{"name":"wp","href":"https:\/\/api.w.org\/{rel}","templated":true}]}}